{"id":2690,"date":"2026-01-05T22:52:19","date_gmt":"2026-01-05T22:52:19","guid":{"rendered":"https:\/\/vaakum.ee\/palvelut\/terastraadist-toodete-valmistamine\/"},"modified":"2026-02-13T12:54:32","modified_gmt":"2026-02-13T12:54:32","slug":"teraslankatuotteiden-valmistu","status":"publish","type":"page","link":"https:\/\/vaakum.ee\/fi\/palvelut\/teraslankatuotteiden-valmistu\/","title":{"rendered":"Ter\u00e4slankatuotteiden valmistu"},"content":{"rendered":"<div class=\"wpb-content-wrapper\"><p>[vc_row wrap_container=&#8221;yes&#8221; css=&#8221;.vc_custom_1692619409820{margin-top: -100px !important;padding-bottom: 49px !important;}&#8221; el_class=&#8221;custom-container-background accordion-section&#8221; conditional_render=&#8221;%5B%7B%22value_role%22%3A%22administrator%22%7D%5D&#8221;][vc_column css=&#8221;.vc_custom_1630699782377{padding-top: 84px !important;}&#8221;]<div class=\"porto-u-heading position-relative z-index-1 mb-0  wpb_custom_dfbc90bfd5d6d4c195a7d655a5ed406c porto-u-ad87e2eaf3f9c495180fe0156ddf3eb0 \" data-appear-animation=\"fadeInUp\" data-appear-animation-delay=\"200\"><div class=\"porto-u-sub-heading\" style=\"margin-bottom:24px;\">\n<p class=\"p1\">Vaakum O\u00dc on virolainen valmistava yritys, joka on erikoistunut <span class=\"s1\"><b>ter\u00e4slankatuotteiden valmistukseen<\/b><\/span> sek\u00e4 vakioratkaisuina ett\u00e4 <span class=\"s1\"><b>asiakaskohtaisina tilaust\u00f6in\u00e4<\/b><\/span>. Keskitymme tekniseen tarkkuuteen, kest\u00e4v\u00e4\u00e4n rakenteeseen ja tasalaatuiseen lopputulokseen \u2013 olipa kyseess\u00e4 yksitt\u00e4inen prototyyppi tai luotettava sarjatuotanto. Valmistamme laajan valikoiman <span class=\"s1\"><b>lankakomponentteja<\/b><\/span>, <span class=\"s1\"><b>myym\u00e4l\u00e4kalusteiden osia<\/b><\/span>, <span class=\"s1\"><b>tuote- ja esittelytelineit\u00e4<\/b><\/span> sek\u00e4 muita lankapohjaisia ratkaisuja, joissa mittatarkkuus, lujuus ja yhten\u00e4inen laatu ovat olennaisia.<\/p>\n<p class=\"p1\">Tuotantokapasiteettiimme kuuluvat <span class=\"s1\"><b>3D-langan taivutus<\/b><\/span> ja <span class=\"s1\"><b>pistehitsaus<\/b><\/span>, ja k\u00e4yt\u00f6ss\u00e4mme on my\u00f6s automaattisia koneita tehokkaaseen ja toistettavaan valmistukseen. T\u00e4m\u00e4 tekee prosessistamme erityisen sopivan <span class=\"s1\"><b>sarjatuotantoon ja toistuviin tilauksiin<\/b><\/span>, sill\u00e4 se varmistaa vakaat mitat, toistettavan geometrian ja luotettavan laadun er\u00e4st\u00e4 toiseen. Jos etsit yhteisty\u00f6kumppania, joka toimittaa lankatuotteet tasaisella laadulla ja sovitussa aikataulussa, Vaakum O\u00dc on varma valinta.<\/p>\n<p class=\"p1\">Taivutettujen ja hitsattujen lankakomponenttien lis\u00e4ksi valmistamme my\u00f6s <span class=\"s1\"><b>hitsattua ter\u00e4sverkkoa<\/b><\/span> sek\u00e4 <span class=\"s1\"><b>ter\u00e4sverkosta valmistettuja osia<\/b><\/span> asiakkaan piirustusten ja teknisten vaatimusten mukaisesti. Ty\u00f6skentelemme teknisen dokumentaation, m\u00e4\u00e4riteltyjen toleranssien ja toiminnallisten vaatimusten perusteella, ja autamme valitsemaan tehokkaimman valmistustavan \u2013 olipa projekti prototyyppi, piener\u00e4 tai suurempi tuotantosarja. Tarvittaessa yhdist\u00e4mme useita valmistusvaiheita (taivutus + hitsaus + verkko-osat), jotta lopputulos t\u00e4ytt\u00e4\u00e4 sek\u00e4 toiminnallisuus- ett\u00e4 kest\u00e4vyysvaatimukset.<\/p>\n<p class=\"p1\">K\u00e4sittelemme <span class=\"s1\"><b>ter\u00e4slankaa halkaisijoilla 2, 3, 4, 5, 6 ja 8 mm<\/b><\/span>, mik\u00e4 mahdollistaa ratkaisut sek\u00e4 kevyisiin rakenteisiin ett\u00e4 vaativampiin, suurempaa kuormitusta kest\u00e4viin k\u00e4ytt\u00f6kohteisiin. Langan halkaisija ja valmistusmenetelm\u00e4 valitaan k\u00e4ytt\u00f6tarkoituksen mukaan \u2013 tavoitteena voi olla siisti ja kevyt myym\u00e4l\u00e4esillepano tai vahvempi rakenne, joka on suunniteltu kest\u00e4m\u00e4\u00e4n suurempia kuormia. Kokemuksemme avulla voidaan m\u00e4\u00e4ritt\u00e4\u00e4 oikea tekninen ratkaisu, jotta lopputuote on luotettava, turvallinen ja pitk\u00e4ik\u00e4inen.<\/p>\n<p class=\"p1\">Jos etsit valmistajaa <span class=\"s1\"><b>ter\u00e4slankatuotteille<\/b><\/span>, <span class=\"s1\"><b>lankakomponenteille<\/b><\/span>, <span class=\"s1\"><b>3D-taivutukselle<\/b><\/span>, <span class=\"s1\"><b>pistehitsaukselle<\/b><\/span> ja <span class=\"s1\"><b>hitsatulle ter\u00e4sverkolle<\/b><\/span> \u2013 aina piirustuksista ja spekseist\u00e4 valmiisiin osiin \u2013 ota yhteytt\u00e4 Vaakum O\u00dc:\u00f6\u00f6n. Autamme l\u00f6yt\u00e4m\u00e4\u00e4n projektiisi parhaan tuotantoratkaisun ja toimitamme korkealaatuisen lopputuloksen, joka soveltuu sek\u00e4 yksil\u00f6lliseen valmistukseen ett\u00e4 toistettavaan sarjatuotantoon.<\/p>\n<p><\/div><style>.porto-u-ad87e2eaf3f9c495180fe0156ddf3eb0.porto-u-heading{text-align:left}<\/style><\/div>[vc_empty_space height=&#8221;40px&#8221; css_params=&#8221;&#8221;][\/vc_column][\/vc_row]<\/p>\n<\/div>","protected":false},"excerpt":{"rendered":"<p>[vc_row wrap_container=&#8221;yes&#8221; css=&#8221;.vc_custom_1692619409820{margin-top: -100px !important;padding-bottom: 49px !important;}&#8221; el_class=&#8221;custom-container-background accordion-section&#8221; conditional_render=&#8221;%5B%7B%22value_role%22%3A%22administrator%22%7D%5D&#8221;][vc_column css=&#8221;.vc_custom_1630699782377{padding-top: 84px !important;}&#8221;][vc_empty_space height=&#8221;40px&#8221; css_params=&#8221;&#8221;][\/vc_column][\/vc_row]<\/p>\n","protected":false},"author":6,"featured_media":0,"parent":786,"menu_order":0,"comment_status":"closed","ping_status":"closed","template":"","meta":{"footnotes":""},"class_list":["post-2690","page","type-page","status-publish","hentry"],"aioseo_notices":[],"_links":{"self":[{"href":"https:\/\/vaakum.ee\/fi\/wp-json\/wp\/v2\/pages\/2690","targetHints":{"allow":["GET"]}}],"collection":[{"href":"https:\/\/vaakum.ee\/fi\/wp-json\/wp\/v2\/pages"}],"about":[{"href":"https:\/\/vaakum.ee\/fi\/wp-json\/wp\/v2\/types\/page"}],"author":[{"embeddable":true,"href":"https:\/\/vaakum.ee\/fi\/wp-json\/wp\/v2\/users\/6"}],"replies":[{"embeddable":true,"href":"https:\/\/vaakum.ee\/fi\/wp-json\/wp\/v2\/comments?post=2690"}],"version-history":[{"count":1,"href":"https:\/\/vaakum.ee\/fi\/wp-json\/wp\/v2\/pages\/2690\/revisions"}],"predecessor-version":[{"id":2691,"href":"https:\/\/vaakum.ee\/fi\/wp-json\/wp\/v2\/pages\/2690\/revisions\/2691"}],"up":[{"embeddable":true,"href":"https:\/\/vaakum.ee\/fi\/wp-json\/wp\/v2\/pages\/786"}],"wp:attachment":[{"href":"https:\/\/vaakum.ee\/fi\/wp-json\/wp\/v2\/media?parent=2690"}],"curies":[{"name":"wp","href":"https:\/\/api.w.org\/{rel}","templated":true}]}}