{"id":2701,"date":"2026-01-05T22:53:40","date_gmt":"2026-01-05T22:53:40","guid":{"rendered":"https:\/\/vaakum.ee\/palvelut\/komplekteerimine\/"},"modified":"2026-02-13T12:59:25","modified_gmt":"2026-02-13T12:59:25","slug":"kokoonpano-ja-kittaaminen","status":"publish","type":"page","link":"https:\/\/vaakum.ee\/fi\/palvelut\/kokoonpano-ja-kittaaminen\/","title":{"rendered":"Kokoonpano ja kittaaminen"},"content":{"rendered":"<div class=\"wpb-content-wrapper\"><p>[vc_row wrap_container=&#8221;yes&#8221; css=&#8221;.vc_custom_1692619409820{margin-top: -100px !important;padding-bottom: 49px !important;}&#8221; el_class=&#8221;custom-container-background accordion-section&#8221; conditional_render=&#8221;%5B%7B%22value_role%22%3A%22administrator%22%7D%5D&#8221;][vc_column css=&#8221;.vc_custom_1630699782377{padding-top: 84px !important;}&#8221;]<div class=\"porto-u-heading position-relative z-index-1 mb-0  wpb_custom_dfbc90bfd5d6d4c195a7d655a5ed406c porto-u-ad87e2eaf3f9c495180fe0156ddf3eb0 \" data-appear-animation=\"fadeInUp\" data-appear-animation-delay=\"200\"><div class=\"porto-u-sub-heading\" style=\"margin-bottom:24px;\">\n<p class=\"p1\"><span class=\"s1\"><b>Kokoonpano ja kittaaminen (kompletointi)<\/b><\/span> on Vaakum O\u00dc:n palvelu, joka auttaa muuttamaan erilliset osat valmiiksi, k\u00e4ytt\u00f6\u00f6n sopivaksi tuotteeksi. Tarjoamme <span class=\"s1\"><b>ter\u00e4s- ja metallituotteiden kokoonpanoa<\/b><\/span> sek\u00e4 omille valmistamillemme osille ett\u00e4 asiakkaan toimittamille komponenteille. N\u00e4in voit ulkoistaa viimeistelyvaiheen \u2013 osien kokoamisen, sarjoittamisen ja pakkaamisen \u2013 yhdelle luotettavalle kumppanille ja kevent\u00e4\u00e4 samalla omaa tuotanto- ja logistiikkakuormaa.<\/p>\n<p class=\"p1\">Kokoonpanopalvelu voi sis\u00e4lt\u00e4\u00e4 tuotteen ja sovitun vaatimuksen mukaan esimerkiksi:<\/p>\n<ul>\n<li>\n<p class=\"p1\"><span class=\"s1\"><b>kiinnitystarvikkeiden lis\u00e4\u00e4misen<\/b><\/span> (ruuvit, pultit, mutterit, aluslevyt, klipsit, v\u00e4likappaleet)<\/p>\n<\/li>\n<li>\n<p class=\"p1\"><span class=\"s1\"><b>osien kokoonpanon<\/b><\/span> alikokoonpanoiksi tai valmiiksi tuotteeksi<\/p>\n<\/li>\n<li>\n<p class=\"p1\"><span class=\"s1\"><b>tuotekohtaisten setien ja kittien kokoamisen<\/b><\/span> (kokoonpanosarjat, variantit, eri mitat ja mallit)<\/p>\n<\/li>\n<li>\n<p class=\"p1\"><span class=\"s1\"><b>pakkaamisen<\/b><\/span> vaatimusten mukaan (yksikk\u00f6pakkaus, settipakkaus, suojaus, merkinn\u00e4t)<\/p>\n<\/li>\n<li>\n<p class=\"p1\">tarvittaessa <span class=\"s1\"><b>ohjeet, etiketit ja lis\u00e4tarvikkeet<\/b><\/span> asiakkaan teknisten tai br\u00e4ndivaatimusten mukaisesti<\/p>\n<\/li>\n<\/ul>\n<p class=\"p1\">Toimimme sek\u00e4 vakio- ett\u00e4 r\u00e4\u00e4t\u00e4l\u00f6idyiss\u00e4 ratkaisuissa, ja pystymme tukemaan eri toimitusketjuja: osat voivat tulla meilt\u00e4, asiakkaan yhteisty\u00f6kumppaneilta tai suoraan asiakkaan varastosta. Tarvittaessa k\u00e4yt\u00e4mme ter\u00e4ksen lis\u00e4ksi my\u00f6s <span class=\"s1\"><b>muita materiaaleja<\/b><\/span>, kuten <span class=\"s1\"><b>akryyli\u00e4 (pleksilasi)<\/b><\/span>, jolloin lopputulos voidaan toimittaa yhten\u00e4isen\u00e4 ja viimeisteltyn\u00e4 kokonaisuutena (esim. suojat, v\u00e4lisein\u00e4t, kylttipidikkeet, lis\u00e4osat ja kate-elementit).<\/p>\n<p class=\"p1\">Palvelu sopii erityisen hyvin yrityksille, jotka haluavat:<\/p>\n<ul>\n<li>\n<p class=\"p1\"><span class=\"s1\">v\u00e4hent\u00e4\u00e4 <\/span><b>sis\u00e4ist\u00e4 k\u00e4sittely\u00e4 ja ty\u00f6m\u00e4\u00e4r\u00e4\u00e4<\/b><b><\/b><\/p>\n<\/li>\n<li>\n<p class=\"p1\">yksinkertaistaa logistiikkaa ja v\u00e4hent\u00e4\u00e4 <span class=\"s1\"><b>toimitusketjun pirstoutumista<\/b><b><\/b><\/span><\/p>\n<\/li>\n<li>\n<p class=\"p1\">saada <span class=\"s1\"><b>valmiin, pakatun ja merkityn tuotteen<\/b><\/span>, joka on heti valmis myyntiin, toimitukseen tai asennukseen<\/p>\n<\/li>\n<li>\n<p class=\"p1\"><span class=\"s1\">varmistaa tasainen laatu <\/span><b>toistotilauksissa ja sarjatuotannossa<\/b><\/p>\n<\/li>\n<\/ul>\n<p class=\"p1\">Jos tarvitset kumppania, joka kokoaa osat, kompletoi tuotteet ja toimittaa ne valmiina kokonaisuutena, Vaakum O\u00dc auttaa tehostamaan prosesseja ja tekem\u00e4\u00e4n toimituksista sujuvampia. Palvelemme sek\u00e4 pienempi\u00e4 projekteja ett\u00e4 jatkuvia kokoonpanotarpeita \u2013 saat valmiin tuotteen yhdest\u00e4 paikasta, selkeill\u00e4 prosesseilla ja tasaisella laadulla.<\/p>\n<p><\/div><style>.porto-u-ad87e2eaf3f9c495180fe0156ddf3eb0.porto-u-heading{text-align:left}<\/style><\/div>[vc_empty_space height=&#8221;40px&#8221; css_params=&#8221;&#8221;][\/vc_column][\/vc_row]<\/p>\n<\/div>","protected":false},"excerpt":{"rendered":"<p>[vc_row wrap_container=&#8221;yes&#8221; css=&#8221;.vc_custom_1692619409820{margin-top: -100px !important;padding-bottom: 49px !important;}&#8221; el_class=&#8221;custom-container-background accordion-section&#8221; conditional_render=&#8221;%5B%7B%22value_role%22%3A%22administrator%22%7D%5D&#8221;][vc_column css=&#8221;.vc_custom_1630699782377{padding-top: 84px !important;}&#8221;][vc_empty_space height=&#8221;40px&#8221; css_params=&#8221;&#8221;][\/vc_column][\/vc_row]<\/p>\n","protected":false},"author":6,"featured_media":0,"parent":786,"menu_order":0,"comment_status":"closed","ping_status":"closed","template":"","meta":{"footnotes":""},"class_list":["post-2701","page","type-page","status-publish","hentry"],"aioseo_notices":[],"_links":{"self":[{"href":"https:\/\/vaakum.ee\/fi\/wp-json\/wp\/v2\/pages\/2701","targetHints":{"allow":["GET"]}}],"collection":[{"href":"https:\/\/vaakum.ee\/fi\/wp-json\/wp\/v2\/pages"}],"about":[{"href":"https:\/\/vaakum.ee\/fi\/wp-json\/wp\/v2\/types\/page"}],"author":[{"embeddable":true,"href":"https:\/\/vaakum.ee\/fi\/wp-json\/wp\/v2\/users\/6"}],"replies":[{"embeddable":true,"href":"https:\/\/vaakum.ee\/fi\/wp-json\/wp\/v2\/comments?post=2701"}],"version-history":[{"count":1,"href":"https:\/\/vaakum.ee\/fi\/wp-json\/wp\/v2\/pages\/2701\/revisions"}],"predecessor-version":[{"id":2702,"href":"https:\/\/vaakum.ee\/fi\/wp-json\/wp\/v2\/pages\/2701\/revisions\/2702"}],"up":[{"embeddable":true,"href":"https:\/\/vaakum.ee\/fi\/wp-json\/wp\/v2\/pages\/786"}],"wp:attachment":[{"href":"https:\/\/vaakum.ee\/fi\/wp-json\/wp\/v2\/media?parent=2701"}],"curies":[{"name":"wp","href":"https:\/\/api.w.org\/{rel}","templated":true}]}}