{"id":2708,"date":"2026-01-05T22:53:58","date_gmt":"2026-01-05T22:53:58","guid":{"rendered":"https:\/\/vaakum.ee\/palvelut\/projekteerimine\/"},"modified":"2026-02-13T13:10:39","modified_gmt":"2026-02-13T13:10:39","slug":"suunnittelu-ja-tuotekehitys","status":"publish","type":"page","link":"https:\/\/vaakum.ee\/fi\/palvelut\/suunnittelu-ja-tuotekehitys\/","title":{"rendered":"Suunnittelu ja tuotekehitys"},"content":{"rendered":"<div class=\"wpb-content-wrapper\"><p>[vc_row wrap_container=&#8221;yes&#8221; css=&#8221;.vc_custom_1692619409820{margin-top: -100px !important;padding-bottom: 49px !important;}&#8221; el_class=&#8221;custom-container-background accordion-section&#8221; conditional_render=&#8221;%5B%7B%22value_role%22%3A%22administrator%22%7D%5D&#8221;][vc_column css=&#8221;.vc_custom_1630699782377{padding-top: 84px !important;}&#8221;]<div class=\"porto-u-heading position-relative z-index-1 mb-0  wpb_custom_dfbc90bfd5d6d4c195a7d655a5ed406c porto-u-ad87e2eaf3f9c495180fe0156ddf3eb0 \" data-appear-animation=\"fadeInUp\" data-appear-animation-delay=\"200\"><div class=\"porto-u-sub-heading\" style=\"margin-bottom:24px;\">\n<p class=\"p1\"><span class=\"s1\"><b>Suunnittelu ja tuotekehitys<\/b><\/span> Vaakum O\u00dc:ss\u00e4 tarkoittaa k\u00e4yt\u00e4nn\u00f6nl\u00e4heist\u00e4 ja valmistusta tukevaa suunnitteluapua \u2013 autamme viem\u00e4\u00e4n idean, luonnoksen tai olemassa olevan tuotteen <span class=\"s1\"><b>teknisesti toimivaksi ja tuotantovalmiiksi ratkaisuksi<\/b><\/span>. K\u00e4yt\u00e4mme suunnittelussa <span class=\"s1\"><b>Autodesk Inventor<\/b><\/span> -ohjelmistoa, jonka avulla voidaan tehd\u00e4 tarkat 3D-mallit, kokoonpanot ja tekniset piirustukset sek\u00e4 viimeistell\u00e4 yksityiskohdat jo ennen valmistusta. T\u00e4m\u00e4 v\u00e4hent\u00e4\u00e4 virheriski\u00e4, parantaa toiminnallisuutta ja nopeuttaa tuotekehityst\u00e4.<\/p>\n<p class=\"p1\">Autamme sek\u00e4 <span class=\"s1\"><b>uusien tuotteiden suunnittelussa<\/b><\/span> ett\u00e4 <span class=\"s1\"><b>olemassa olevien rakenteiden kehitt\u00e4misess\u00e4 ja optimoinnissa<\/b><\/span>. Jos sinulla on idea, n\u00e4ytekappale, mitat, piirustus tai pelkk\u00e4 kuvaus, autamme muuttamaan sen tekniseksi ratkaisuksi, jossa huomioidaan:<\/p>\n<ul>\n<li>\n<p class=\"p1\"><span class=\"s1\"><b>valmistusmahdollisuudet<\/b><\/span> (taivutus, hitsaus, sarjatuotanto, toistettava laatu)<\/p>\n<\/li>\n<li>\n<p class=\"p1\"><span class=\"s1\"><b>materiaalivalinta ja lujuus<\/b><\/span> (kuormitukset, j\u00e4ykkyys, k\u00e4ytt\u00f6ymp\u00e4rist\u00f6)<\/p>\n<\/li>\n<li>\n<p class=\"p1\"><span class=\"s1\"><b>k\u00e4ytt\u00f6tarkoitus ja ergonomia<\/b><\/span> (asennus, k\u00e4sitelt\u00e4vyys, turvallisuus)<\/p>\n<\/li>\n<li>\n<p class=\"p1\"><span class=\"s1\"><b>kustannustehokkuus<\/b><\/span> (optimoitu rakenne, v\u00e4hemm\u00e4n osia, helpompi kokoonpano)<\/p>\n<\/li>\n<li>\n<p class=\"p1\"><span class=\"s1\"><b>toleranssit ja istuvuus<\/b><\/span> (liitokset, rei\u00e4t, kiinnitykset, kokoonpanologiikka)<\/p>\n<\/li>\n<\/ul>\n<p class=\"p1\">Palvelu sopii erityisesti asiakkaille, jotka haluavat ratkaisun olevan \u201cvalmistusta varten suunniteltu\u201d \u2013 eli ei pelk\u00e4st\u00e4\u00e4n ulkon\u00e4\u00f6lt\u00e4\u00e4n hyv\u00e4, vaan my\u00f6s aidosti valmistettava, sarjatuotannossa vakaa ja k\u00e4yt\u00e4nn\u00f6ss\u00e4 toimiva. Yhteisty\u00f6ss\u00e4 asiakkaan kanssa l\u00f6yd\u00e4mme <span class=\"s1\"><b>optimaalisen rakenteen<\/b><\/span>, tarvittaessa teemme vaihtoehtoisia versioita ja viimeistelemme suunnitelman tasolle, joka voidaan siirt\u00e4\u00e4 suoraan tuotantoon.<\/p>\n<p class=\"p1\">Projektista riippuen toimitamme esimerkiksi:<\/p>\n<ul>\n<li>\n<p class=\"p1\">3D-mallit ja kokoonpanot (Inventor)<\/p>\n<\/li>\n<li>\n<p class=\"p1\">tuotantovalmiin rakenneratkaisun<\/p>\n<\/li>\n<li>\n<p class=\"p1\">osien ja alikokoonpanojen teknisen l\u00e4pik\u00e4ynnin (kiinnitykset, liitokset, kokoonpano)<\/p>\n<\/li>\n<li>\n<p class=\"p1\">tarvittaessa valmistuksen esivalmistelun (osajako ja tuotantovaiheet)<\/p>\n<\/li>\n<\/ul>\n<p class=\"p1\">Jos etsit kumppania, joka auttaa <span class=\"s1\"><b>tuotesuunnittelun ja teknisen kehityksen<\/b><\/span> nopeasti ja oikein maaliin, Vaakum O\u00dc vie konseptisi tuotantovalmiiksi \u2013 huomioiden sek\u00e4 k\u00e4ytt\u00f6tarkoituksen ett\u00e4 todelliset valmistusmahdollisuudet.<\/p>\n<p><\/div><style>.porto-u-ad87e2eaf3f9c495180fe0156ddf3eb0.porto-u-heading{text-align:left}<\/style><\/div>[vc_empty_space height=&#8221;40px&#8221; css_params=&#8221;&#8221;][\/vc_column][\/vc_row]<\/p>\n<\/div>","protected":false},"excerpt":{"rendered":"<p>[vc_row wrap_container=&#8221;yes&#8221; css=&#8221;.vc_custom_1692619409820{margin-top: -100px !important;padding-bottom: 49px !important;}&#8221; el_class=&#8221;custom-container-background accordion-section&#8221; conditional_render=&#8221;%5B%7B%22value_role%22%3A%22administrator%22%7D%5D&#8221;][vc_column css=&#8221;.vc_custom_1630699782377{padding-top: 84px !important;}&#8221;][vc_empty_space height=&#8221;40px&#8221; css_params=&#8221;&#8221;][\/vc_column][\/vc_row]<\/p>\n","protected":false},"author":6,"featured_media":0,"parent":786,"menu_order":0,"comment_status":"closed","ping_status":"closed","template":"","meta":{"footnotes":""},"class_list":["post-2708","page","type-page","status-publish","hentry"],"aioseo_notices":[],"_links":{"self":[{"href":"https:\/\/vaakum.ee\/fi\/wp-json\/wp\/v2\/pages\/2708","targetHints":{"allow":["GET"]}}],"collection":[{"href":"https:\/\/vaakum.ee\/fi\/wp-json\/wp\/v2\/pages"}],"about":[{"href":"https:\/\/vaakum.ee\/fi\/wp-json\/wp\/v2\/types\/page"}],"author":[{"embeddable":true,"href":"https:\/\/vaakum.ee\/fi\/wp-json\/wp\/v2\/users\/6"}],"replies":[{"embeddable":true,"href":"https:\/\/vaakum.ee\/fi\/wp-json\/wp\/v2\/comments?post=2708"}],"version-history":[{"count":2,"href":"https:\/\/vaakum.ee\/fi\/wp-json\/wp\/v2\/pages\/2708\/revisions"}],"predecessor-version":[{"id":2710,"href":"https:\/\/vaakum.ee\/fi\/wp-json\/wp\/v2\/pages\/2708\/revisions\/2710"}],"up":[{"embeddable":true,"href":"https:\/\/vaakum.ee\/fi\/wp-json\/wp\/v2\/pages\/786"}],"wp:attachment":[{"href":"https:\/\/vaakum.ee\/fi\/wp-json\/wp\/v2\/media?parent=2708"}],"curies":[{"name":"wp","href":"https:\/\/api.w.org\/{rel}","templated":true}]}}