{"id":2717,"date":"2026-01-05T22:54:11","date_gmt":"2026-01-05T22:54:11","guid":{"rendered":"https:\/\/vaakum.ee\/palvelut\/prototuupide-ja-vaikeseeriate-valmistamine\/"},"modified":"2026-02-13T13:18:16","modified_gmt":"2026-02-13T13:18:16","slug":"prototyyppien-ja-pienten-sarjojen-valmistus","status":"publish","type":"page","link":"https:\/\/vaakum.ee\/fi\/palvelut\/prototyyppien-ja-pienten-sarjojen-valmistus\/","title":{"rendered":"Prototyyppien ja pienten sarjojen valmistus"},"content":{"rendered":"<div class=\"wpb-content-wrapper\"><p>[vc_row wrap_container=&#8221;yes&#8221; css=&#8221;.vc_custom_1692619409820{margin-top: -100px !important;padding-bottom: 49px !important;}&#8221; el_class=&#8221;custom-container-background accordion-section&#8221; conditional_render=&#8221;%5B%7B%22value_role%22%3A%22administrator%22%7D%5D&#8221;][vc_column css=&#8221;.vc_custom_1630699782377{padding-top: 84px !important;}&#8221;]<div class=\"porto-u-heading position-relative z-index-1 mb-0  wpb_custom_dfbc90bfd5d6d4c195a7d655a5ed406c porto-u-ad87e2eaf3f9c495180fe0156ddf3eb0 \" data-appear-animation=\"fadeInUp\" data-appear-animation-delay=\"200\"><div class=\"porto-u-sub-heading\" style=\"margin-bottom:24px;\">\n<p class=\"p1\"><span class=\"s1\"><b>Prototyyppien ja pienten sarjojen valmistus<\/b><\/span> Vaakum O\u00dc:ss\u00e4 auttaa viem\u00e4\u00e4n ideasi nopeasti konkreettiseksi tuotteeksi ja testaamaan ratkaisun ennen siirtymist\u00e4 suurempaan tuotantoon. Prototyypin avulla voidaan varmistaa toiminnallisuus, mitoitus, istuvuus ja k\u00e4ytett\u00e4vyys, ja pieni sarja mahdollistaa ensimm\u00e4iset myynti- tai asennuser\u00e4t ilman suurta tuotantoriski\u00e4. T\u00e4m\u00e4 on erityisen hy\u00f6dyllist\u00e4 silloin, kun tuotetta pit\u00e4\u00e4 viel\u00e4 testata, viimeistell\u00e4 tai ker\u00e4t\u00e4 markkinapalautetta.<\/p>\n<p class=\"p1\">Jos sinulla on <span class=\"s1\"><b>idea, piirustus, luonnos tai visio<\/b><\/span>, autamme muuttamaan sen <span class=\"s1\"><b>k\u00e4yt\u00e4nn\u00f6lliseksi ja valmistettavaksi<\/b><\/span> ratkaisuksi. Tarvittaessa tuemme my\u00f6s suunnitteluvaihetta, jotta rakenne on teknisesti oikein ja tuotantovalmis \u2013 n\u00e4in virheriski pienenee ja ensimm\u00e4inen toteutus onnistuu todenn\u00e4k\u00f6isemmin kerralla. Yhteisty\u00f6ss\u00e4 asiakkaan kanssa m\u00e4\u00e4rittelemme prototyypin tavoitteen (mit\u00e4 halutaan varmistaa), valitsemme sopivat valmistusmenetelm\u00e4t ja teemme tarvittavat tuotantovalmistelut.<\/p>\n<p class=\"p1\">Prototyypit ja pienet sarjat sopivat hyvin esimerkiksi:<\/p>\n<ul>\n<li>\n<p class=\"p1\"><span class=\"s1\"><b>uusien tuotteiden lanseeraukseen<\/b><\/span> (MVP, ensimm\u00e4inen er\u00e4, testimyynti)<\/p>\n<\/li>\n<li>\n<p class=\"p1\"><span class=\"s1\"><b>erikoisprojekteihin<\/b><\/span> ja asiakaskohtaisiin ratkaisuihin<\/p>\n<\/li>\n<li>\n<p class=\"p1\">tilanteisiin, joissa tarvitaan <span class=\"s1\"><b>joustavaa tuotantoa<\/b><\/span> ja nopeaa reagointia<\/p>\n<\/li>\n<li>\n<p class=\"p1\"><span class=\"s1\">tuotteisiin, joissa <\/span><b>tarkka istuvuus ja yksityiskohtien laatu<\/b><span class=\"s1\"> ovat ratkaisevia<\/span><\/p>\n<\/li>\n<li>\n<p class=\"p1\">vaiheittaiseen kehitykseen (versiot, iterointi, parannukset)<\/p>\n<\/li>\n<\/ul>\n<p class=\"p1\">Piener\u00e4tuotanto on usein paras kompromissi kustannusten, nopeuden ja joustavuuden v\u00e4lill\u00e4: saat hallitun laatutason, mutta et joudu sitoutumaan suuriin m\u00e4\u00e4riin tai pitkiin toimitusaikoihin. Projektista riippuen voimme yhdist\u00e4\u00e4 useita ty\u00f6vaiheita ja menetelmi\u00e4, jotta lopputulos on kest\u00e4v\u00e4 ja toimiva.<\/p>\n<p class=\"p1\">Jos etsit kumppania, joka tukee tuotekehityst\u00e4 ja tarjoaa <span class=\"s1\"><b>prototyyppien valmistusta<\/b><\/span> sek\u00e4 <span class=\"s1\"><b>pienten sarjojen tuotantoa<\/b><\/span> ideasta valmiiksi tuotteeksi, ota yhteytt\u00e4 Vaakum O\u00dc:\u00f6\u00f6n. Autamme toteuttamaan ideasi nopeasti, joustavasti ja tuotantovalmiilla ajattelutavalla.<\/p>\n<p><\/div><style>.porto-u-ad87e2eaf3f9c495180fe0156ddf3eb0.porto-u-heading{text-align:left}<\/style><\/div>[vc_empty_space height=&#8221;40px&#8221; css_params=&#8221;&#8221;][\/vc_column][\/vc_row]<\/p>\n<\/div>","protected":false},"excerpt":{"rendered":"<p>[vc_row wrap_container=&#8221;yes&#8221; css=&#8221;.vc_custom_1692619409820{margin-top: -100px !important;padding-bottom: 49px !important;}&#8221; el_class=&#8221;custom-container-background accordion-section&#8221; conditional_render=&#8221;%5B%7B%22value_role%22%3A%22administrator%22%7D%5D&#8221;][vc_column css=&#8221;.vc_custom_1630699782377{padding-top: 84px !important;}&#8221;][vc_empty_space height=&#8221;40px&#8221; css_params=&#8221;&#8221;][\/vc_column][\/vc_row]<\/p>\n","protected":false},"author":6,"featured_media":0,"parent":786,"menu_order":0,"comment_status":"closed","ping_status":"closed","template":"","meta":{"footnotes":""},"class_list":["post-2717","page","type-page","status-publish","hentry"],"aioseo_notices":[],"_links":{"self":[{"href":"https:\/\/vaakum.ee\/fi\/wp-json\/wp\/v2\/pages\/2717","targetHints":{"allow":["GET"]}}],"collection":[{"href":"https:\/\/vaakum.ee\/fi\/wp-json\/wp\/v2\/pages"}],"about":[{"href":"https:\/\/vaakum.ee\/fi\/wp-json\/wp\/v2\/types\/page"}],"author":[{"embeddable":true,"href":"https:\/\/vaakum.ee\/fi\/wp-json\/wp\/v2\/users\/6"}],"replies":[{"embeddable":true,"href":"https:\/\/vaakum.ee\/fi\/wp-json\/wp\/v2\/comments?post=2717"}],"version-history":[{"count":2,"href":"https:\/\/vaakum.ee\/fi\/wp-json\/wp\/v2\/pages\/2717\/revisions"}],"predecessor-version":[{"id":2722,"href":"https:\/\/vaakum.ee\/fi\/wp-json\/wp\/v2\/pages\/2717\/revisions\/2722"}],"up":[{"embeddable":true,"href":"https:\/\/vaakum.ee\/fi\/wp-json\/wp\/v2\/pages\/786"}],"wp:attachment":[{"href":"https:\/\/vaakum.ee\/fi\/wp-json\/wp\/v2\/media?parent=2717"}],"curies":[{"name":"wp","href":"https:\/\/api.w.org\/{rel}","templated":true}]}}