{"id":776,"date":"2023-08-21T10:42:25","date_gmt":"2023-08-21T10:42:25","guid":{"rendered":"https:\/\/vaakum.ee\/privaatsustingimused\/"},"modified":"2023-08-21T10:42:25","modified_gmt":"2023-08-21T10:42:25","slug":"privaatsustingimused","status":"publish","type":"page","link":"https:\/\/vaakum.ee\/fi\/privaatsustingimused\/","title":{"rendered":"Privaatsustingimused"},"content":{"rendered":"<p>Veebilehe vaakum.ee isikuandmete vastutav t\u00f6\u00f6tleja on Vaakum O\u00dc, registrikood 10097805, asukohaga Laevastiku tn 3g Tallinn Harjumaa 10313.<\/p>\n<h3 class=\"wp-block-heading\">Mis eesm\u00e4rgil isikuandmeid t\u00f6\u00f6deldakse<\/h3>\n<p>Isikuandmeid nagu e-post, telefoni nr, kliendi nimi, t\u00f6\u00f6deldakse selleks, et lahendada kaupade ja teenuste osutamise seonduvaid k\u00fcsimusi (klienditugi).<\/p>\n<p>Veebilehe kasutaja IP-aadressi v\u00f5i teisi v\u00f5rguidentifikaatoreid t\u00f6\u00f6deldakse veebilehe kui info\u00fchiskonna teenuse osutamiseks ning veebikasutusstatistika tegemiseks.<\/p>\n<h3>Milliseid isikuandmeid t\u00f6\u00f6deldakse<\/h3>\n<ul>\n<li>nimi, telefoninumber, e-posti aadress;<\/li>\n<li>klienditoe andmed;<\/li>\n<li>andmeid mida klient on veebilehele ise t\u00e4iendavalt avaldanud.<\/li>\n<\/ul>\n<h3>\u00d5iguslik alus<\/h3>\n<p>Isikuandmete t\u00f6\u00f6tlemine toimub kliendiga s\u00f5lmitud lepingu t\u00e4itmise eesm\u00e4rgil.<\/p>\n<p>Isikuandmete t\u00f6\u00f6tlemine toimub juriidilise kohustuse t\u00e4itmiseks (nt raamatupidamine ja tarbijavaidluste lahendamine).<\/p>\n<h3>Turvalisus ja andmetele ligip\u00e4\u00e4s<\/h3>\n<p>Isikuandmeid hoitakse Vaakum O\u00dc serverites. Veebileht on ehitatud WordPressi platvormile ning majutusteenust pakub Zone Media O\u00dc, mist\u00f5ttu asuvad andmed ka kodulehe platvormiga seotud teenusepakkuja Zone Media O\u00dc serverites.<\/p>\n<p>Reeglina asuvad andmed Euroopa Liidu liikmesriigi v\u00f5i Euroopa Liidu majanduspiirkonnaga liitunud riikide territooriumil. Andmeid v\u00f5idakse edastada riikidesse, mille andmekaitse taset on Euroopa Komisjon hinnanud piisavaks ning USA ettev\u00f5tetele, kes on liitund andmekaitse kilbi (Privacy Shield) raamistikuga.<\/p>\n<p>Juurdep\u00e4\u00e4s isikuandmetele on Ettev\u00f5tte t\u00f6\u00f6tajatel, kes saavad isikuandmetega tutvuda selleks, et lahendada veebilehe kasutamisega seonduvaid tehnilisi k\u00fcsimusi ning osutada klienditoe teenust.<\/p>\n<p>Veebileht rakendab asjakohaseid f\u00fc\u00fcsilisi, organisatsioonilisi ja infotehnilisi turvameetmeid, et kaitsta isikuandmeid juhusliku v\u00f5i ebaseadusliku h\u00e4vitamise, kaotsimineku, muutmise v\u00f5i loata juurdep\u00e4\u00e4su ja avalikustamise eest.<\/p>\n<p>Isikuandmete edastamine veebilehe volitatud t\u00f6\u00f6tlejatele (nt transporditeenuse pakkuja ja andmemajutus) toimub veebilehe ja volitatud t\u00f6\u00f6tlejatega s\u00f5lmitud lepingute alusel. Volitatud t\u00f6\u00f6tlejaid on kohustatud tagama isikuandmete t\u00f6\u00f6tlemisel asjakohased kaitsemeetmed.<\/p>\n<h3>Turvakaamerad ettev\u00f5tte m\u00fc\u00fcgipunktis<\/h3>\n<p>Ettev\u00f5te on vara s\u00e4ilimist ohustavate olukordade \u00e4rahoidmiseks, ohuolukorrale reageerimiseks v\u00f5i vara kahjustamisel kahju tekitaja v\u00e4ljaselgitamiseks paigaldanud m\u00fc\u00fcgipunkti turvakaamerad. Tegemist on hoonete v\u00e4lisseintele v\u00f5i siseruumidesse paigaldatud kaameratega, mis edastavad reaalajas pilti, salvestavad selle ning v\u00f5imaldavad seda hiljem t\u00f6\u00f6delda ja taasesitada.<\/p>\n<p>Kaameratega ei ole lubatud salvestada heli ega j\u00e4lgida konkreetset inimest, vaid ainult kindlat ala (nt ruumi v\u00f5i \u00f5ueala) ja seal toimuvat. Kaamerate abil saadud andmete t\u00f6\u00f6tlemisel kasutab Ettev\u00f5te selliseid turvameetmeid, mis kaitsevad kogutud andmeid tahtmatu v\u00f5i ilma loata j\u00e4lgimise, kopeerimise, muutmise, teisaldamise ja kustutamise eest. Infot tohib edastada v\u00f5i v\u00f5imaldada neile juurdep\u00e4\u00e4su ainult juhul, kui selleks on seadusest tulenev alus (nt politseile).\u200b<\/p>\n<p>Kaamerate salvestisi s\u00e4ilitatakse 30 kalendrip\u00e4eva. P\u00e4rast t\u00e4htaja m\u00f6\u00f6dumist salvestised kustutatakse kas andmete kustutamise funktsiooni v\u00f5i andmete \u00fcle salvestamisega, s\u00f5ltuvalt kaamera tehnilistest v\u00f5imalustest.<\/p>\n<h3>Isikuandmetega tutvumine ja parandamine<\/h3>\n<p>Isikuandmetega saab tutvuda ja teha parandusi veebilehe kasutajatoe vahendusel ning e-posti teel.<\/p>\n<h3>N\u00f5usoleku tagasiv\u00f5tmine<\/h3>\n<p>Kui isikundmete t\u00f6\u00f6tlemine toimub kliendi n\u00f5usoleku alusel, siis on kliendil \u00f5igus n\u00f5usolek tagasi v\u00f5tta teavitades sellest kliendituge e-posti teel.<\/p>\n<h3>S\u00e4ilitamine<\/h3>\n<p>Veebilehe kliendikonto sulgemisel kustutatakse isikuandmed, va juhul kui selliseid andmeid on vaja s\u00e4ilitada raamatupidamise jaoks v\u00f5i tarbijavaidluste lahendamiseks.<\/p>\n<h3>Kustutamine<\/h3>\n<p>Isikuandmete kustutamiseks tuleb v\u00f5tta \u00fchendust klienditoega e-posti teel. Kustutamistaotlusele vastatakse mitte hiljem kui kuu aja jooksul ning t\u00e4psustakse andmete kustutamise perioodi.<\/p>\n<h3>Otseturustusteated ja uudiskirjad<\/h3>\n<p>E-posti aadressi ja telefoninumbrit kasutatakse otseturundusteadete saatmiseks, kui klient on andnud vastava n\u00f5usoleku. Kui klient ei soovi saada otseturustusteateid, siis tuleb valida e-kirja jaluses vastav viide v\u00f5i v\u00f5tta \u00fchendust klienditoega. Kui isikuandmeid t\u00f6\u00f6deldakse otseturunduse eesm\u00e4rgil (profileerimine), on kliendil \u00f5igus oma isikuandmete nii algse kui ka edasise t\u00f6\u00f6tlemise, sealhulgas otseturundusega seotud profiilianal\u00fc\u00fcsi tegemise suhtes igal ajal vastuv\u00e4iteid esitada teavitades sellest kliendituge e-posti teel (vastav teave tuleb esitada selgelt ja eraldi igasugusest muust teabest).<\/p>\n<h3>Vaidluste lahendamine<\/h3>\n<p>Isikuandmete t\u00f6\u00f6tlemisega seotud vaidluste lahendamine toimub klienditoe vahendusel <a href=\"mailto:info@vaakum.ee\">info@vaakum.ee<\/a>.<\/p>\n<p>J\u00e4relevalveasutus on Eesti Andmekaitse Inspektsioon (info@aki.ee).<\/p>\n","protected":false},"excerpt":{"rendered":"<p>Veebilehe vaakum.ee isikuandmete vastutav t\u00f6\u00f6tleja on Vaakum O\u00dc, registrikood 10097805, asukohaga Laevastiku tn 3g Tallinn Harjumaa 10313. Mis eesm\u00e4rgil isikuandmeid t\u00f6\u00f6deldakse Isikuandmeid nagu e-post, telefoni nr, kliendi nimi, t\u00f6\u00f6deldakse selleks, et lahendada kaupade ja teenuste osutamise seonduvaid k\u00fcsimusi (klienditugi). Veebilehe kasutaja IP-aadressi v\u00f5i teisi v\u00f5rguidentifikaatoreid t\u00f6\u00f6deldakse veebilehe kui info\u00fchiskonna teenuse osutamiseks ning veebikasutusstatistika tegemiseks. Milliseid [&hellip;]<\/p>\n","protected":false},"author":1,"featured_media":0,"parent":0,"menu_order":0,"comment_status":"closed","ping_status":"closed","template":"","meta":{"footnotes":""},"class_list":["post-776","page","type-page","status-publish","hentry"],"aioseo_notices":[],"_links":{"self":[{"href":"https:\/\/vaakum.ee\/fi\/wp-json\/wp\/v2\/pages\/776","targetHints":{"allow":["GET"]}}],"collection":[{"href":"https:\/\/vaakum.ee\/fi\/wp-json\/wp\/v2\/pages"}],"about":[{"href":"https:\/\/vaakum.ee\/fi\/wp-json\/wp\/v2\/types\/page"}],"author":[{"embeddable":true,"href":"https:\/\/vaakum.ee\/fi\/wp-json\/wp\/v2\/users\/1"}],"replies":[{"embeddable":true,"href":"https:\/\/vaakum.ee\/fi\/wp-json\/wp\/v2\/comments?post=776"}],"version-history":[{"count":0,"href":"https:\/\/vaakum.ee\/fi\/wp-json\/wp\/v2\/pages\/776\/revisions"}],"wp:attachment":[{"href":"https:\/\/vaakum.ee\/fi\/wp-json\/wp\/v2\/media?parent=776"}],"curies":[{"name":"wp","href":"https:\/\/api.w.org\/{rel}","templated":true}]}}