{"id":778,"date":"2023-08-21T10:41:10","date_gmt":"2023-08-21T10:41:10","guid":{"rendered":"https:\/\/vaakum.ee\/meist\/"},"modified":"2026-01-13T20:20:07","modified_gmt":"2026-01-13T20:20:07","slug":"meista","status":"publish","type":"page","link":"https:\/\/vaakum.ee\/fi\/meista\/","title":{"rendered":"Meist\u00e4"},"content":{"rendered":"<div class=\"wpb-content-wrapper\"><p>[vc_row wrap_container=&#8221;yes&#8221; css=&#8221;.vc_custom_1692618861519{margin-top: -100px !important;padding-bottom: 48px !important;}&#8221; el_class=&#8221;custom-container-background testimonial-section&#8221; conditional_render=&#8221;%5B%7B%22value_role%22%3A%22administrator%22%7D%5D&#8221;][vc_column css=&#8221;.vc_custom_1692618899125{padding-top: 84px !important;padding-bottom: 150px !important;}&#8221; conditional_render=&#8221;%5B%7B%22value_role%22%3A%22administrator%22%7D%5D&#8221;]<div class=\"porto-u-heading position-relative z-index-1 mb-0  wpb_custom_dfbc90bfd5d6d4c195a7d655a5ed406c porto-u-ad87e2eaf3f9c495180fe0156ddf3eb0 \" data-appear-animation=\"fadeInUp\" data-appear-animation-delay=\"200\"><div class=\"porto-u-main-heading\"><h2   style=\"margin-bottom: 20px;\">Vaakum O\u00dc<\/h2><\/div><div class=\"porto-u-sub-heading\" style=\"margin-bottom:24px;\">Vaakum on 24 ty\u00f6ntekij\u00e4n konepaja Tallinnassa. Toimintamme alussa (1992) tuotimme myym\u00e4l\u00e4sisustuksia sek\u00e4 valomainoksia myym\u00e4l\u00f6ihin. Nyky\u00e4\u00e4n tuotantomme k\u00e4sitt\u00e4\u00e4 suuren valikoiman myym\u00e4l\u00e4sisustukseen liittyvi\u00e4 tuotteita, erilaisia esillepanotelineit\u00e4, siivousvaunuja sek\u00e4 erikoistilaustuotteita.<\/p>\n<p>Meid\u00e4t tunnetaan t\u00e4sm\u00e4llisen\u00e4 ja laadukkaana alihankkijana, johon luottavat lukuisat asiakkaat niin Pohjoismaissa kuin my\u00f6s Baltiassa. Meill\u00e4 on my\u00f6s CE-merkint\u00e4.<\/div><style>.porto-u-ad87e2eaf3f9c495180fe0156ddf3eb0.porto-u-heading{text-align:left}<\/style><\/div><div class=\"porto-u-heading position-relative z-index-1  wpb_custom_fcc1f1f3da25ef876104f43caa3a0aa9 porto-u-ad87e2eaf3f9c495180fe0156ddf3eb0 \" data-appear-animation=\"fadeInUp\" data-appear-animation-delay=\"200\"><style>.porto-u-ad87e2eaf3f9c495180fe0156ddf3eb0.porto-u-heading{text-align:left}<\/style><\/div>[\/vc_column][\/vc_row][vc_row wrap_container=&#8221;yes&#8221; is_section=&#8221;yes&#8221; el_class=&#8221;flex-wrap z-index-1 position-relative&#8221; css=&#8221;.vc_custom_1692618790299{margin-top: -135px !important;padding-bottom: 61px !important;background-color: #f4f4f4 !important;}&#8221; conditional_render=&#8221;%5B%7B%22value_role%22%3A%22administrator%22%7D%5D&#8221;][vc_column]<div class=\"porto-ultimate-content-box-container \"><style>.porto_ucb_21b6bf01188be9ba0119a2cb5c097588{will-change: box-shadow;box-shadow: none;}.porto_ucb_21b6bf01188be9ba0119a2cb5c097588:hover{box-shadow:none}<\/style><div class=\"porto-ultimate-content-box vc_custom_1630463148770 porto_ucb_21b6bf01188be9ba0119a2cb5c097588\" style=\"\"><div class=\"porto-u-heading position-relative z-index-1  wpb_custom_de53f865edf8916ee28c4604c9bf3563 porto-u-55ca8359258f9a412be7e73af65d2aac \" data-appear-animation=\"fadeInUp\" data-appear-animation-delay=\"200\"><div class=\"porto-u-main-heading\"><h2   style=\"margin-bottom: 36px;\">Tuotteet &amp; <strong>Palvelut<\/strong><\/h2><\/div><style>.porto-u-55ca8359258f9a412be7e73af65d2aac.porto-u-heading{text-align:center}<\/style><\/div><\/div><\/div>[\/vc_column][vc_column css_animation=&#8221;none&#8221; width=&#8221;1\/3&#8243;]<div class=\"porto-ultimate-content-box-container position-relative z-index-1\" data-appear-animation=\"fadeInLeft\" data-appear-animation-delay=\"600\"><style>.porto_ucb_21b6bf01188be9ba0119a2cb5c097588{will-change: box-shadow;box-shadow: none;}.porto_ucb_21b6bf01188be9ba0119a2cb5c097588:hover{box-shadow:none}<\/style><div class=\"porto-ultimate-content-box porto_ucb_21b6bf01188be9ba0119a2cb5c097588\" style=\"\"><div class=\"porto-just-icon-wrapper porto-sicon-img porto-icon-pos-center porto-icon-739599a1f586473197e4d01c03c680cb  vc_custom_1692616631286\" style=\"font-size: 100px;\"><img loading=\"lazy\" decoding=\"async\" class=\"img-icon\" alt=\"\" src=\"https:\/\/vaakum.ee\/wp-content\/uploads\/2023\/08\/tooted.png\" width=\"100\" height=\"100\" \/><\/div><a aria-label=\"Tuotteet\" class=\"porto-sicon-box-link\" href=\"https:\/\/vaakum.ee\/fi\/vakiotuotteet\/\" title='Teenused'><div class=\"porto-sicon-box  wpb_custom_0cbddb05a2af17e093a5301bc70ab322 style_1 top-icon\"><div class=\"porto-sicon-header\"><h3 class=\"porto-sicon-title\" style=\"\">Tuotteet<\/h3><\/div> <!-- header --><div class=\"porto-sicon-description\" style=\"\">Toodame laias valikus terasest kauplusesisustust ja erinevaid kaubastende&#8230;<\/div> <!-- description --><\/div><!-- porto-sicon-box --><\/a><\/div><\/div>[\/vc_column][vc_column css_animation=&#8221;none&#8221; width=&#8221;1\/3&#8243;]<div class=\"porto-ultimate-content-box-container position-relative z-index-1\" data-appear-animation=\"fadeIn\" data-appear-animation-delay=\"200\"><style>.porto_ucb_21b6bf01188be9ba0119a2cb5c097588{will-change: box-shadow;box-shadow: none;}.porto_ucb_21b6bf01188be9ba0119a2cb5c097588:hover{box-shadow:none}<\/style><div class=\"porto-ultimate-content-box porto_ucb_21b6bf01188be9ba0119a2cb5c097588\" style=\"\"><div class=\"porto-just-icon-wrapper porto-sicon-img porto-icon-pos-center porto-icon-739599a1f586473197e4d01c03c680cb  vc_custom_1692616550271\" style=\"font-size: 100px;\"><img loading=\"lazy\" decoding=\"async\" class=\"img-icon\" alt=\"\" src=\"https:\/\/vaakum.ee\/wp-content\/uploads\/2023\/08\/projektitooted.png\" width=\"100\" height=\"100\" \/><\/div><a aria-label=\"Projektituotteet\" class=\"porto-sicon-box-link\" href=\"https:\/\/vaakum.ee\/fi\/tuotteet\/\" title='tooted'><div class=\"porto-sicon-box  wpb_custom_0cbddb05a2af17e093a5301bc70ab322 style_1 top-icon\"><div class=\"porto-sicon-header\"><h3 class=\"porto-sicon-title\" style=\"\">Projektituotteet<\/h3><\/div> <!-- header --><div class=\"porto-sicon-description\" style=\"\">Pakume erinevate valdkondade tooteid vastavalt kliendi projektile&#8230;<\/div> <!-- description --><\/div><!-- porto-sicon-box --><\/a><\/div><\/div>[\/vc_column][vc_column css_animation=&#8221;none&#8221; width=&#8221;1\/3&#8243;]<div class=\"porto-ultimate-content-box-container position-relative z-index-1\" data-appear-animation=\"fadeInRight\" data-appear-animation-delay=\"600\"><style>.porto_ucb_21b6bf01188be9ba0119a2cb5c097588{will-change: box-shadow;box-shadow: none;}.porto_ucb_21b6bf01188be9ba0119a2cb5c097588:hover{box-shadow:none}<\/style><div class=\"porto-ultimate-content-box porto_ucb_21b6bf01188be9ba0119a2cb5c097588\" style=\"\"><div class=\"porto-just-icon-wrapper porto-sicon-img porto-icon-pos-center porto-icon-739599a1f586473197e4d01c03c680cb  vc_custom_1692616282074\" style=\"font-size: 100px;\"><img loading=\"lazy\" decoding=\"async\" class=\"img-icon\" alt=\"\" src=\"https:\/\/vaakum.ee\/wp-content\/uploads\/2023\/08\/teenused-2.png\" width=\"100\" height=\"100\" \/><\/div><a aria-label=\"Palvelut\" class=\"porto-sicon-box-link\" href=\"https:\/\/vaakum.ee\/fi\/palvelut\/\" title='Teenused'><div class=\"porto-sicon-box  wpb_custom_0cbddb05a2af17e093a5301bc70ab322 style_1 top-icon\"><div class=\"porto-sicon-header\"><h3 class=\"porto-sicon-title\" style=\"\">Palvelut<\/h3><\/div> <!-- header --><div class=\"porto-sicon-description\" style=\"\">Terastraadist toodete valmistamine: 3D painutamine, punktkeevitamine jne&#8230;<\/div> <!-- description --><\/div><!-- porto-sicon-box --><\/a><\/div><\/div>[\/vc_column][\/vc_row]<\/p>\n<\/div>","protected":false},"excerpt":{"rendered":"<p>[vc_row wrap_container=&#8221;yes&#8221; css=&#8221;.vc_custom_1692618861519{margin-top: -100px !important;padding-bottom: 48px !important;}&#8221; el_class=&#8221;custom-container-background testimonial-section&#8221; conditional_render=&#8221;%5B%7B%22value_role%22%3A%22administrator%22%7D%5D&#8221;][vc_column css=&#8221;.vc_custom_1692618899125{padding-top: 84px !important;padding-bottom: 150px !important;}&#8221; conditional_render=&#8221;%5B%7B%22value_role%22%3A%22administrator%22%7D%5D&#8221;][\/vc_column][\/vc_row][vc_row wrap_container=&#8221;yes&#8221; is_section=&#8221;yes&#8221; el_class=&#8221;flex-wrap z-index-1 position-relative&#8221; css=&#8221;.vc_custom_1692618790299{margin-top: -135px !important;padding-bottom: 61px !important;background-color: #f4f4f4 !important;}&#8221; conditional_render=&#8221;%5B%7B%22value_role%22%3A%22administrator%22%7D%5D&#8221;][vc_column][\/vc_column][vc_column css_animation=&#8221;none&#8221; width=&#8221;1\/3&#8243;][\/vc_column][vc_column css_animation=&#8221;none&#8221; width=&#8221;1\/3&#8243;][\/vc_column][vc_column css_animation=&#8221;none&#8221; width=&#8221;1\/3&#8243;][\/vc_column][\/vc_row]<\/p>\n","protected":false},"author":1,"featured_media":0,"parent":0,"menu_order":0,"comment_status":"closed","ping_status":"closed","template":"","meta":{"footnotes":""},"class_list":["post-778","page","type-page","status-publish","hentry"],"aioseo_notices":[],"_links":{"self":[{"href":"https:\/\/vaakum.ee\/fi\/wp-json\/wp\/v2\/pages\/778","targetHints":{"allow":["GET"]}}],"collection":[{"href":"https:\/\/vaakum.ee\/fi\/wp-json\/wp\/v2\/pages"}],"about":[{"href":"https:\/\/vaakum.ee\/fi\/wp-json\/wp\/v2\/types\/page"}],"author":[{"embeddable":true,"href":"https:\/\/vaakum.ee\/fi\/wp-json\/wp\/v2\/users\/1"}],"replies":[{"embeddable":true,"href":"https:\/\/vaakum.ee\/fi\/wp-json\/wp\/v2\/comments?post=778"}],"version-history":[{"count":2,"href":"https:\/\/vaakum.ee\/fi\/wp-json\/wp\/v2\/pages\/778\/revisions"}],"predecessor-version":[{"id":2670,"href":"https:\/\/vaakum.ee\/fi\/wp-json\/wp\/v2\/pages\/778\/revisions\/2670"}],"wp:attachment":[{"href":"https:\/\/vaakum.ee\/fi\/wp-json\/wp\/v2\/media?parent=778"}],"curies":[{"name":"wp","href":"https:\/\/api.w.org\/{rel}","templated":true}]}}