{"id":782,"date":"2023-08-21T08:34:45","date_gmt":"2023-08-21T08:34:45","guid":{"rendered":"https:\/\/vaakum.ee\/tooted\/"},"modified":"2023-09-12T06:03:55","modified_gmt":"2023-09-12T06:03:55","slug":"tuotteet","status":"publish","type":"page","link":"https:\/\/vaakum.ee\/fi\/tuotteet\/","title":{"rendered":"Tuotteet"},"content":{"rendered":"<div class=\"wpb-content-wrapper\"><p>[vc_row wrap_container=&#8221;yes&#8221; css=&#8221;.vc_custom_1692619409820{margin-top: -100px !important;padding-bottom: 49px !important;}&#8221; el_class=&#8221;custom-container-background accordion-section&#8221; conditional_render=&#8221;%5B%7B%22value_role%22%3A%22administrator%22%7D%5D&#8221;][vc_column css=&#8221;.vc_custom_1630699782377{padding-top: 84px !important;}&#8221;][vc_column_text el_class=&#8221;position-relative z-index-1 mb-0&#8243;]Tarjoamme palvelujamme monille toimialoille:<\/p>\n<ul>\n<li>Myyntiymp\u00e4rist\u00f6t (tuotteiden esillepano, myym\u00e4l\u00e4sisustukset)<\/li>\n<li>Rakennusteollisuus (tiilisiteet, tukiraudat, k\u00e4rryt, leikkurit jne)<\/li>\n<li>Teollisuus (tukirakenteet, koukut, verkot, kiinnitystarvikkeet)<\/li>\n<li>Siivous (siivousvaunut)<\/li>\n<li>Ravintoloiden ja kahviloiden sisustus (huonekalujen rungot, v\u00e4lisein\u00e4t, tiskien rungot)<\/li>\n<\/ul>\n<p>[\/vc_column_text][\/vc_column][\/vc_row]<\/p>\n<\/div>","protected":false},"excerpt":{"rendered":"<p>[vc_row wrap_container=&#8221;yes&#8221; css=&#8221;.vc_custom_1692619409820{margin-top: -100px !important;padding-bottom: 49px !important;}&#8221; el_class=&#8221;custom-container-background accordion-section&#8221; conditional_render=&#8221;%5B%7B%22value_role%22%3A%22administrator%22%7D%5D&#8221;][vc_column css=&#8221;.vc_custom_1630699782377{padding-top: 84px !important;}&#8221;][vc_column_text el_class=&#8221;position-relative z-index-1 mb-0&#8243;]Tarjoamme palvelujamme monille toimialoille: Myyntiymp\u00e4rist\u00f6t (tuotteiden esillepano, myym\u00e4l\u00e4sisustukset) Rakennusteollisuus (tiilisiteet, tukiraudat, k\u00e4rryt, leikkurit jne) Teollisuus (tukirakenteet, koukut, verkot, kiinnitystarvikkeet) Siivous (siivousvaunut) Ravintoloiden ja kahviloiden sisustus (huonekalujen rungot, v\u00e4lisein\u00e4t, tiskien rungot) [\/vc_column_text][\/vc_column][\/vc_row]<\/p>\n","protected":false},"author":1,"featured_media":0,"parent":0,"menu_order":0,"comment_status":"closed","ping_status":"closed","template":"","meta":{"footnotes":""},"class_list":["post-782","page","type-page","status-publish","hentry"],"aioseo_notices":[],"_links":{"self":[{"href":"https:\/\/vaakum.ee\/fi\/wp-json\/wp\/v2\/pages\/782","targetHints":{"allow":["GET"]}}],"collection":[{"href":"https:\/\/vaakum.ee\/fi\/wp-json\/wp\/v2\/pages"}],"about":[{"href":"https:\/\/vaakum.ee\/fi\/wp-json\/wp\/v2\/types\/page"}],"author":[{"embeddable":true,"href":"https:\/\/vaakum.ee\/fi\/wp-json\/wp\/v2\/users\/1"}],"replies":[{"embeddable":true,"href":"https:\/\/vaakum.ee\/fi\/wp-json\/wp\/v2\/comments?post=782"}],"version-history":[{"count":0,"href":"https:\/\/vaakum.ee\/fi\/wp-json\/wp\/v2\/pages\/782\/revisions"}],"wp:attachment":[{"href":"https:\/\/vaakum.ee\/fi\/wp-json\/wp\/v2\/media?parent=782"}],"curies":[{"name":"wp","href":"https:\/\/api.w.org\/{rel}","templated":true}]}}