{"id":786,"date":"2019-05-09T22:11:07","date_gmt":"2019-05-09T22:11:07","guid":{"rendered":"https:\/\/vaakum.ee\/teenused\/"},"modified":"2026-02-13T13:34:53","modified_gmt":"2026-02-13T13:34:53","slug":"palvelut","status":"publish","type":"page","link":"https:\/\/vaakum.ee\/fi\/palvelut\/","title":{"rendered":"Palvelut"},"content":{"rendered":"<div class=\"wpb-content-wrapper\"><p>[vc_row wrap_container=&#8221;yes&#8221; css=&#8221;.vc_custom_1692619409820{margin-top: -100px !important;padding-bottom: 49px !important;}&#8221; el_class=&#8221;custom-container-background accordion-section&#8221; conditional_render=&#8221;%5B%7B%22value_role%22%3A%22administrator%22%7D%5D&#8221;]<br \/>\n[vc_column css=&#8221;.vc_custom_1630699782377{padding-top: 84px !important;}&#8221;]<br \/>\n<div class=\"porto-u-heading position-relative z-index-1 mb-0  wpb_custom_dfbc90bfd5d6d4c195a7d655a5ed406c porto-u-ad87e2eaf3f9c495180fe0156ddf3eb0 \" data-appear-animation=\"fadeInUp\" data-appear-animation-delay=\"200\"><div class=\"porto-u-sub-heading\" style=\"margin-bottom:24px;\">\n<p>Vaakum O\u00dc on Tallinnassa toimiva valmistava yritys, jolla on yli 30 vuoden kokemus ter\u00e4stuotteiden ja myym\u00e4l\u00e4kalusteiden valmistuksesta. Aloitimme vuonna 1992 myym\u00e4l\u00e4sisustusten ja valokylttien valmistuksella, ja olemme sittemmin kehittyneet monipuoliseksi kumppaniksi sek\u00e4 vakioratkaisuihin ett\u00e4 mittatilausprojekteihin.<\/p>\n<p>Tarjoamme laajan valikoiman ter\u00e4ksisi\u00e4 myym\u00e4l\u00e4kalusteita, tuote- ja esittelytelineit\u00e4, lankakomponentteja sek\u00e4 r\u00e4\u00e4t\u00e4l\u00f6ityj\u00e4 ratkaisuja \u2013 aina suunnittelusta ja valmistuksesta kokoonpanoon ja valmiiden tuotteiden kittaukseen. Tuotantokapasiteettiimme kuuluvat ter\u00e4slangan 3D-taivutus, pistehitsaus, hitsatun ter\u00e4sverkon valmistus sek\u00e4 erilaiset leikkaus-, hitsaus- ja taivutusty\u00f6t. K\u00e4yt\u00e4mme lankahalkaisijoita 2\u20138 mm ja ty\u00f6st\u00e4mme my\u00f6s levymateriaaleja ja putkia nykyaikaisilla laitteilla.<\/p>\n<p>Valmistuksen lis\u00e4ksi tuemme asiakkaita tuotesuunnittelussa ja teknisess\u00e4 suunnittelussa Autodesk Inventor -ohjelmistolla sek\u00e4 valmistamme prototyyppej\u00e4 ja pieni\u00e4 sarjoja. Tarvittaessa tarjoamme my\u00f6s kokoonpano- ja kittaamispalvelua, kuten kiinnitystarvikkeiden lis\u00e4\u00e4mist\u00e4 ja pakkaamista. Ter\u00e4ksen lis\u00e4ksi voimme integroida my\u00f6s muita materiaaleja, kuten akryylia (pleksilasia).<\/p>\n<p>Jos etsit luotettavaa tuotantokumppania, joka pystyy viem\u00e4\u00e4n ideasi toimivaksi ja korkealaatuiseksi lopputuotteeksi, olet oikeassa paikassa.<\/p>\n<\/div><style>.porto-u-ad87e2eaf3f9c495180fe0156ddf3eb0.porto-u-heading{text-align:left}<\/style><\/div>\n[vc_empty_space height=&#8221;10px&#8221; css_params=&#8221;&#8221;]<br \/>\n[\/vc_column]<br \/>\n[\/vc_row]<\/p>\n<p>[vc_row wrap_container=&#8221;yes&#8221; conditional_render=&#8221;%5B%7B%22value_role%22%3A%22administrator%22%7D%5D&#8221; css_params=&#8221;&#8221;]<br \/>\n[vc_column]<br \/>\n<div class=\"porto-links-block wpb_content_element \"><div class=\"links-title\">Tutustu palveluihimme<\/div><div class=\"links-content\"><ul>\n<li class=\"porto-links-item \"><a href=\"https:\/\/vaakum.ee\/fi\/palvelut\/teraslankatuotteiden-valmistu\/\">Ter\u00e4slankatuotteiden valmistus<\/a><\/li>\n<li class=\"porto-links-item \"><a href=\"https:\/\/vaakum.ee\/fi\/palvelut\/muut-terasmateriaalien-leikkaus-hitsaus-ja-taivutustyot\/\">Muut ter\u00e4smateriaalien leikkaus-, hitsaus- ja taivutusty\u00f6t<\/a><\/li>\n<li class=\"porto-links-item \"><a href=\"https:\/\/vaakum.ee\/fi\/palvelut\/kokoonpano-ja-kittaaminen\/\">Kokoonpano ja kittaaminen<\/a><\/li>\n<li class=\"porto-links-item \"><a href=\"https:\/\/vaakum.ee\/fi\/palvelut\/suunnittelu-ja-tuotekehitys\/\">Suunnittelu ja tuotekehitys<\/a><\/li>\n<li class=\"porto-links-item \"><a href=\"https:\/\/vaakum.ee\/fi\/palvelut\/prototyyppien-ja-pienten-sarjojen-valmistus\/\">Prototyyppien ja pienten sarjojen valmistus<\/a><\/li>\n<\/ul><\/div><\/div>\n[\/vc_column]<br \/>\n[\/vc_row]<\/p>\n<\/div>","protected":false},"excerpt":{"rendered":"<p>[vc_row wrap_container=&#8221;yes&#8221; css=&#8221;.vc_custom_1692619409820{margin-top: -100px !important;padding-bottom: 49px !important;}&#8221; el_class=&#8221;custom-container-background accordion-section&#8221; conditional_render=&#8221;%5B%7B%22value_role%22%3A%22administrator%22%7D%5D&#8221;] [vc_column css=&#8221;.vc_custom_1630699782377{padding-top: 84px !important;}&#8221;] [vc_empty_space height=&#8221;10px&#8221; css_params=&#8221;&#8221;] [\/vc_column] [\/vc_row] [vc_row wrap_container=&#8221;yes&#8221; conditional_render=&#8221;%5B%7B%22value_role%22%3A%22administrator%22%7D%5D&#8221; css_params=&#8221;&#8221;] [vc_column] [\/vc_column] [\/vc_row]<\/p>\n","protected":false},"author":1,"featured_media":0,"parent":0,"menu_order":0,"comment_status":"closed","ping_status":"closed","template":"","meta":{"footnotes":""},"class_list":["post-786","page","type-page","status-publish","hentry"],"aioseo_notices":[],"_links":{"self":[{"href":"https:\/\/vaakum.ee\/fi\/wp-json\/wp\/v2\/pages\/786","targetHints":{"allow":["GET"]}}],"collection":[{"href":"https:\/\/vaakum.ee\/fi\/wp-json\/wp\/v2\/pages"}],"about":[{"href":"https:\/\/vaakum.ee\/fi\/wp-json\/wp\/v2\/types\/page"}],"author":[{"embeddable":true,"href":"https:\/\/vaakum.ee\/fi\/wp-json\/wp\/v2\/users\/1"}],"replies":[{"embeddable":true,"href":"https:\/\/vaakum.ee\/fi\/wp-json\/wp\/v2\/comments?post=786"}],"version-history":[{"count":3,"href":"https:\/\/vaakum.ee\/fi\/wp-json\/wp\/v2\/pages\/786\/revisions"}],"predecessor-version":[{"id":2727,"href":"https:\/\/vaakum.ee\/fi\/wp-json\/wp\/v2\/pages\/786\/revisions\/2727"}],"wp:attachment":[{"href":"https:\/\/vaakum.ee\/fi\/wp-json\/wp\/v2\/media?parent=786"}],"curies":[{"name":"wp","href":"https:\/\/api.w.org\/{rel}","templated":true}]}}