{"id":944,"date":"2023-09-04T06:30:55","date_gmt":"2023-09-04T06:30:55","guid":{"rendered":"https:\/\/vaakum.ee\/?page_id=944"},"modified":"2023-09-12T06:19:32","modified_gmt":"2023-09-12T06:19:32","slug":"vakiotuotteet","status":"publish","type":"page","link":"https:\/\/vaakum.ee\/fi\/vakiotuotteet\/","title":{"rendered":"Vakiotuotteet"},"content":{"rendered":"<div class=\"wpb-content-wrapper\"><p>[vc_row wrap_container=&#8221;yes&#8221; css=&#8221;.vc_custom_1692619409820{margin-top: -100px !important;padding-bottom: 49px !important;}&#8221; el_class=&#8221;custom-container-background accordion-section&#8221; conditional_render=&#8221;%5B%7B%22value_role%22%3A%22administrator%22%7D%5D&#8221;][vc_column css=&#8221;.vc_custom_1630699782377{padding-top: 84px !important;}&#8221;][vc_column_text el_class=&#8221;position-relative z-index-1 mb-0&#8243;]<\/p>\n<h3>Myym\u00e4l\u00e4tuotteet<\/h3>\n<p>Tuotantomme on korkealaatuista. N\u00e4ette t\u00e4ss\u00e4 esimerkkej\u00e4 tuotteistamme, joita\u00a0valmistamme vakiotuotteinamme. Meilt\u00e4 voi tilata esillepanotuotteita, jotka\u00a0r\u00e4\u00e4t\u00e4l\u00f6ity juuri teid\u00e4n tarpeisiin:<\/p>\n<ul>\n<li>Lehti- ja korttitelineet<\/li>\n<li>Myyntitelineet<\/li>\n<li>Lis\u00e4tarvikkeet: piikit, kannakkeet, hyllyt, korit, jalat, reelingit, takasein\u00e4t (reik\u00e4levy, verkko)<\/li>\n<\/ul>\n<h3>Siivousvaunut<\/h3>\n<p>Siivousvaunut ovat yksi p\u00e4\u00e4linjoistamme. Valmistamme vakiomalleja,\u00a0joita voi ostaa varastostamme my\u00f6s pieniss\u00e4 eriss\u00e4. Asiakkaamme voivat tilata vaununsa juuri sellaisena kuin haluavat, t\u00e4ydennettyn\u00e4 lis\u00e4osilla. Valita voi mm. v\u00e4rin, renkaiden koon,\u00a0korien mallin ja sijainnin jne.<\/p>\n<h3>Verkkokontit, korit, hyllyt, verkot<\/h3>\n<p>Ter\u00e4slangasta valmistetut verkkokontit ja korit ovat k\u00e4yt\u00f6ss\u00e4 niin myym\u00e4l\u00f6iss\u00e4 kuin j\u00e4tehuollossa.\u00a0Lankahyllyj\u00e4 ja -verkkoja valmistamme asiakkaan mittojen mukaan.[\/vc_column_text][vc_row_inner css=&#8221;.vc_custom_1693810085478{padding-top: 70px !important;}&#8221;][vc_column_inner width=&#8221;1\/3&#8243;][vc_single_image image=&#8221;954&#8243; img_size=&#8221;full&#8221;][\/vc_column_inner][vc_column_inner width=&#8221;1\/3&#8243;][vc_single_image image=&#8221;954&#8243; img_size=&#8221;full&#8221;][\/vc_column_inner][vc_column_inner width=&#8221;1\/3&#8243;][vc_single_image image=&#8221;957&#8243; img_size=&#8221;full&#8221;][\/vc_column_inner][\/vc_row_inner][\/vc_column][\/vc_row]<\/p>\n<\/div>","protected":false},"excerpt":{"rendered":"<p>[vc_row wrap_container=&#8221;yes&#8221; css=&#8221;.vc_custom_1692619409820{margin-top: -100px !important;padding-bottom: 49px !important;}&#8221; el_class=&#8221;custom-container-background accordion-section&#8221; conditional_render=&#8221;%5B%7B%22value_role%22%3A%22administrator%22%7D%5D&#8221;][vc_column css=&#8221;.vc_custom_1630699782377{padding-top: 84px !important;}&#8221;][vc_column_text el_class=&#8221;position-relative z-index-1 mb-0&#8243;] Myym\u00e4l\u00e4tuotteet Tuotantomme on korkealaatuista. N\u00e4ette t\u00e4ss\u00e4 esimerkkej\u00e4 tuotteistamme, joita\u00a0valmistamme vakiotuotteinamme. Meilt\u00e4 voi tilata esillepanotuotteita, jotka\u00a0r\u00e4\u00e4t\u00e4l\u00f6ity juuri teid\u00e4n tarpeisiin: Lehti- ja korttitelineet Myyntitelineet Lis\u00e4tarvikkeet: piikit, kannakkeet, hyllyt, korit, jalat, reelingit, takasein\u00e4t (reik\u00e4levy, verkko) Siivousvaunut Siivousvaunut ovat yksi p\u00e4\u00e4linjoistamme. Valmistamme vakiomalleja,\u00a0joita [&hellip;]<\/p>\n","protected":false},"author":1,"featured_media":0,"parent":0,"menu_order":0,"comment_status":"closed","ping_status":"closed","template":"","meta":{"footnotes":""},"class_list":["post-944","page","type-page","status-publish","hentry"],"aioseo_notices":[],"_links":{"self":[{"href":"https:\/\/vaakum.ee\/fi\/wp-json\/wp\/v2\/pages\/944","targetHints":{"allow":["GET"]}}],"collection":[{"href":"https:\/\/vaakum.ee\/fi\/wp-json\/wp\/v2\/pages"}],"about":[{"href":"https:\/\/vaakum.ee\/fi\/wp-json\/wp\/v2\/types\/page"}],"author":[{"embeddable":true,"href":"https:\/\/vaakum.ee\/fi\/wp-json\/wp\/v2\/users\/1"}],"replies":[{"embeddable":true,"href":"https:\/\/vaakum.ee\/fi\/wp-json\/wp\/v2\/comments?post=944"}],"version-history":[{"count":0,"href":"https:\/\/vaakum.ee\/fi\/wp-json\/wp\/v2\/pages\/944\/revisions"}],"wp:attachment":[{"href":"https:\/\/vaakum.ee\/fi\/wp-json\/wp\/v2\/media?parent=944"}],"curies":[{"name":"wp","href":"https:\/\/api.w.org\/{rel}","templated":true}]}}