{"id":2434,"date":"2025-08-28T08:41:01","date_gmt":"2025-08-28T08:41:01","guid":{"rendered":"https:\/\/vaakum.ee\/toode\/penosil-teline\/"},"modified":"2025-08-28T08:41:01","modified_gmt":"2025-08-28T08:41:01","slug":"penosil-teline","status":"publish","type":"product","link":"https:\/\/vaakum.ee\/fi\/tuote\/penosil-teline\/","title":{"rendered":"PENOSIL teline"},"content":{"rendered":"<p>Tuotenumero: 1262.000<br \/>\n2030x655x540mm<br \/>\nS\u00e4\u00e4dett\u00e4v\u00e4t hyllyt<\/p>\n","protected":false},"excerpt":{"rendered":"<p>Tuotenumero: 1262.000 2030x655x540mm S\u00e4\u00e4dett\u00e4v\u00e4t hyllyt<\/p>\n","protected":false},"featured_media":2352,"template":"","meta":[],"product_brand":[],"product_cat":[47],"product_tag":[],"class_list":{"0":"post-2434","1":"product","2":"type-product","3":"status-publish","4":"has-post-thumbnail","6":"product_cat-myyntitelineet","8":"first","9":"instock","10":"shipping-taxable","11":"product-type-simple"},"aioseo_notices":[],"_links":{"self":[{"href":"https:\/\/vaakum.ee\/fi\/wp-json\/wp\/v2\/product\/2434","targetHints":{"allow":["GET"]}}],"collection":[{"href":"https:\/\/vaakum.ee\/fi\/wp-json\/wp\/v2\/product"}],"about":[{"href":"https:\/\/vaakum.ee\/fi\/wp-json\/wp\/v2\/types\/product"}],"wp:featuredmedia":[{"embeddable":true,"href":"https:\/\/vaakum.ee\/fi\/wp-json\/wp\/v2\/media\/2352"}],"wp:attachment":[{"href":"https:\/\/vaakum.ee\/fi\/wp-json\/wp\/v2\/media?parent=2434"}],"wp:term":[{"taxonomy":"product_brand","embeddable":true,"href":"https:\/\/vaakum.ee\/fi\/wp-json\/wp\/v2\/product_brand?post=2434"},{"taxonomy":"product_cat","embeddable":true,"href":"https:\/\/vaakum.ee\/fi\/wp-json\/wp\/v2\/product_cat?post=2434"},{"taxonomy":"product_tag","embeddable":true,"href":"https:\/\/vaakum.ee\/fi\/wp-json\/wp\/v2\/product_tag?post=2434"}],"curies":[{"name":"wp","href":"https:\/\/api.w.org\/{rel}","templated":true}]}}