{"id":2437,"date":"2025-08-26T13:26:04","date_gmt":"2025-08-26T13:26:04","guid":{"rendered":"https:\/\/vaakum.ee\/toode\/lankakori-pyorilla\/"},"modified":"2025-08-29T08:45:44","modified_gmt":"2025-08-29T08:45:44","slug":"lankakori-pyorilla","status":"publish","type":"product","link":"https:\/\/vaakum.ee\/fi\/tuote\/lankakori-pyorilla\/","title":{"rendered":"Lankakori py\u00f6rill\u00e4"},"content":{"rendered":"<p>Tuotenumero: 1743.000<br \/>\n858x744x603mm<br \/>\nVapaasti py\u00f6riv\u00e4t py\u00f6r\u00e4t<br \/>\nPintak\u00e4sittely valittavissa<\/p>\n","protected":false},"excerpt":{"rendered":"<p>Tuotenumero: 1743.000 858x744x603mm Vapaasti py\u00f6riv\u00e4t py\u00f6r\u00e4t Pintak\u00e4sittely valittavissa<\/p>\n","protected":false},"featured_media":2233,"template":"","meta":[],"product_brand":[],"product_cat":[43],"product_tag":[],"class_list":{"0":"post-2437","1":"product","2":"type-product","3":"status-publish","4":"has-post-thumbnail","6":"product_cat-verkkokontit-korit-hyllyt-verkot","8":"first","9":"instock","10":"shipping-taxable","11":"product-type-simple"},"aioseo_notices":[],"_links":{"self":[{"href":"https:\/\/vaakum.ee\/fi\/wp-json\/wp\/v2\/product\/2437","targetHints":{"allow":["GET"]}}],"collection":[{"href":"https:\/\/vaakum.ee\/fi\/wp-json\/wp\/v2\/product"}],"about":[{"href":"https:\/\/vaakum.ee\/fi\/wp-json\/wp\/v2\/types\/product"}],"wp:featuredmedia":[{"embeddable":true,"href":"https:\/\/vaakum.ee\/fi\/wp-json\/wp\/v2\/media\/2233"}],"wp:attachment":[{"href":"https:\/\/vaakum.ee\/fi\/wp-json\/wp\/v2\/media?parent=2437"}],"wp:term":[{"taxonomy":"product_brand","embeddable":true,"href":"https:\/\/vaakum.ee\/fi\/wp-json\/wp\/v2\/product_brand?post=2437"},{"taxonomy":"product_cat","embeddable":true,"href":"https:\/\/vaakum.ee\/fi\/wp-json\/wp\/v2\/product_cat?post=2437"},{"taxonomy":"product_tag","embeddable":true,"href":"https:\/\/vaakum.ee\/fi\/wp-json\/wp\/v2\/product_tag?post=2437"}],"curies":[{"name":"wp","href":"https:\/\/api.w.org\/{rel}","templated":true}]}}