{"id":2440,"date":"2025-08-14T05:42:22","date_gmt":"2025-08-14T05:42:22","guid":{"rendered":"https:\/\/vaakum.ee\/toode\/koristuskaru\/"},"modified":"2025-08-29T08:54:25","modified_gmt":"2025-08-29T08:54:25","slug":"koristuskaru","status":"publish","type":"product","link":"https:\/\/vaakum.ee\/fi\/tuote\/koristuskaru\/","title":{"rendered":"Siivousvaunu"},"content":{"rendered":"<p>Tuotenumero: 4198506<br \/>\n848x324x288mm<br \/>\nKevyt ja j\u00e4ykk\u00e4 rakenne<br \/>\nVapaasti py\u00f6riv\u00e4t py\u00f6r\u00e4t, 2 lukittavaa\/jarrullista py\u00f6r\u00e4\u00e4<br \/>\nPintak\u00e4sittely valittavissa<\/p>\n","protected":false},"excerpt":{"rendered":"<p>Tuotenumero: 4198506 848x324x288mm Kevyt ja j\u00e4ykk\u00e4 rakenne Vapaasti py\u00f6riv\u00e4t py\u00f6r\u00e4t, 2 lukittavaa\/jarrullista py\u00f6r\u00e4\u00e4 Pintak\u00e4sittely valittavissa<\/p>\n","protected":false},"featured_media":2065,"template":"","meta":[],"product_brand":[],"product_cat":[45],"product_tag":[],"class_list":{"0":"post-2440","1":"product","2":"type-product","3":"status-publish","4":"has-post-thumbnail","6":"product_cat-siivous-ostos-ja-kuljetuskarryt","8":"first","9":"instock","10":"shipping-taxable","11":"product-type-simple"},"aioseo_notices":[],"_links":{"self":[{"href":"https:\/\/vaakum.ee\/fi\/wp-json\/wp\/v2\/product\/2440","targetHints":{"allow":["GET"]}}],"collection":[{"href":"https:\/\/vaakum.ee\/fi\/wp-json\/wp\/v2\/product"}],"about":[{"href":"https:\/\/vaakum.ee\/fi\/wp-json\/wp\/v2\/types\/product"}],"wp:featuredmedia":[{"embeddable":true,"href":"https:\/\/vaakum.ee\/fi\/wp-json\/wp\/v2\/media\/2065"}],"wp:attachment":[{"href":"https:\/\/vaakum.ee\/fi\/wp-json\/wp\/v2\/media?parent=2440"}],"wp:term":[{"taxonomy":"product_brand","embeddable":true,"href":"https:\/\/vaakum.ee\/fi\/wp-json\/wp\/v2\/product_brand?post=2440"},{"taxonomy":"product_cat","embeddable":true,"href":"https:\/\/vaakum.ee\/fi\/wp-json\/wp\/v2\/product_cat?post=2440"},{"taxonomy":"product_tag","embeddable":true,"href":"https:\/\/vaakum.ee\/fi\/wp-json\/wp\/v2\/product_tag?post=2440"}],"curies":[{"name":"wp","href":"https:\/\/api.w.org\/{rel}","templated":true}]}}