{"id":2441,"date":"2025-08-13T12:15:59","date_gmt":"2025-08-13T12:15:59","guid":{"rendered":"https:\/\/vaakum.ee\/toode\/myyntitiski-poyta\/"},"modified":"2025-08-13T12:15:59","modified_gmt":"2025-08-13T12:15:59","slug":"myyntitiski-poyta","status":"publish","type":"product","link":"https:\/\/vaakum.ee\/fi\/tuote\/myyntitiski-poyta\/","title":{"rendered":"Myyntitiski\/p\u00f6yt\u00e4"},"content":{"rendered":"<p>1250x900x600mm<br \/>\nSivut reik\u00e4levy\u00e4<br \/>\nLis\u00e4hylly tilauksesta<br \/>\nMitat ja pintak\u00e4sittely asiakkaan valittavissa<\/p>\n","protected":false},"excerpt":{"rendered":"<p>1250x900x600mm Sivut reik\u00e4levy\u00e4 Lis\u00e4hylly tilauksesta Mitat ja pintak\u00e4sittely asiakkaan valittavissa<\/p>\n","protected":false},"featured_media":1997,"template":"","meta":[],"product_brand":[],"product_cat":[47],"product_tag":[],"class_list":{"0":"post-2441","1":"product","2":"type-product","3":"status-publish","4":"has-post-thumbnail","6":"product_cat-myyntitelineet","8":"first","9":"instock","10":"shipping-taxable","11":"product-type-simple"},"aioseo_notices":[],"_links":{"self":[{"href":"https:\/\/vaakum.ee\/fi\/wp-json\/wp\/v2\/product\/2441","targetHints":{"allow":["GET"]}}],"collection":[{"href":"https:\/\/vaakum.ee\/fi\/wp-json\/wp\/v2\/product"}],"about":[{"href":"https:\/\/vaakum.ee\/fi\/wp-json\/wp\/v2\/types\/product"}],"wp:featuredmedia":[{"embeddable":true,"href":"https:\/\/vaakum.ee\/fi\/wp-json\/wp\/v2\/media\/1997"}],"wp:attachment":[{"href":"https:\/\/vaakum.ee\/fi\/wp-json\/wp\/v2\/media?parent=2441"}],"wp:term":[{"taxonomy":"product_brand","embeddable":true,"href":"https:\/\/vaakum.ee\/fi\/wp-json\/wp\/v2\/product_brand?post=2441"},{"taxonomy":"product_cat","embeddable":true,"href":"https:\/\/vaakum.ee\/fi\/wp-json\/wp\/v2\/product_cat?post=2441"},{"taxonomy":"product_tag","embeddable":true,"href":"https:\/\/vaakum.ee\/fi\/wp-json\/wp\/v2\/product_tag?post=2441"}],"curies":[{"name":"wp","href":"https:\/\/api.w.org\/{rel}","templated":true}]}}