{"id":2444,"date":"2025-08-13T11:40:36","date_gmt":"2025-08-13T11:40:36","guid":{"rendered":"https:\/\/vaakum.ee\/toode\/vorestik-euroalusele\/"},"modified":"2025-08-29T09:06:20","modified_gmt":"2025-08-29T09:06:20","slug":"vorestik-euroalusele","status":"publish","type":"product","link":"https:\/\/vaakum.ee\/fi\/tuote\/vorestik-euroalusele\/","title":{"rendered":"Eurolavan verkkosein\u00e4t"},"content":{"rendered":"<p>Tuotenumero: 1660.000<br \/>\n1186x798x712mm<br \/>\nKiinnitet\u00e4\u00e4n alustaan ruuveilla<br \/>\nPintak\u00e4sittely valittavissa<br \/>\nEur-lava ei kuulu toimitukseen!<\/p>\n","protected":false},"excerpt":{"rendered":"<p>Tuotenumero: 1660.000 1186x798x712mm Kiinnitet\u00e4\u00e4n alustaan ruuveilla Pintak\u00e4sittely valittavissa Eur-lava ei kuulu toimitukseen!<\/p>\n","protected":false},"featured_media":1969,"template":"","meta":[],"product_brand":[],"product_cat":[43],"product_tag":[],"class_list":{"0":"post-2444","1":"product","2":"type-product","3":"status-publish","4":"has-post-thumbnail","6":"product_cat-verkkokontit-korit-hyllyt-verkot","8":"first","9":"instock","10":"shipping-taxable","11":"product-type-simple"},"aioseo_notices":[],"_links":{"self":[{"href":"https:\/\/vaakum.ee\/fi\/wp-json\/wp\/v2\/product\/2444","targetHints":{"allow":["GET"]}}],"collection":[{"href":"https:\/\/vaakum.ee\/fi\/wp-json\/wp\/v2\/product"}],"about":[{"href":"https:\/\/vaakum.ee\/fi\/wp-json\/wp\/v2\/types\/product"}],"wp:featuredmedia":[{"embeddable":true,"href":"https:\/\/vaakum.ee\/fi\/wp-json\/wp\/v2\/media\/1969"}],"wp:attachment":[{"href":"https:\/\/vaakum.ee\/fi\/wp-json\/wp\/v2\/media?parent=2444"}],"wp:term":[{"taxonomy":"product_brand","embeddable":true,"href":"https:\/\/vaakum.ee\/fi\/wp-json\/wp\/v2\/product_brand?post=2444"},{"taxonomy":"product_cat","embeddable":true,"href":"https:\/\/vaakum.ee\/fi\/wp-json\/wp\/v2\/product_cat?post=2444"},{"taxonomy":"product_tag","embeddable":true,"href":"https:\/\/vaakum.ee\/fi\/wp-json\/wp\/v2\/product_tag?post=2444"}],"curies":[{"name":"wp","href":"https:\/\/api.w.org\/{rel}","templated":true}]}}