{"id":2447,"date":"2025-08-13T11:18:41","date_gmt":"2025-08-13T11:18:41","guid":{"rendered":"https:\/\/vaakum.ee\/toode\/reguleeritavate-riiulitega-stend\/"},"modified":"2025-08-29T09:12:25","modified_gmt":"2025-08-29T09:12:25","slug":"reguleeritavate-riiulitega-stend","status":"publish","type":"product","link":"https:\/\/vaakum.ee\/fi\/tuote\/reguleeritavate-riiulitega-stend\/","title":{"rendered":"Teline s\u00e4\u00e4dett\u00e4vill\u00e4 hyllyill\u00e4"},"content":{"rendered":"<p>Tuotenumero: 1680.000<br \/>\n1526x420x350mm<br \/>\nHyllyt ter\u00e4slevy\u00e4, s\u00e4\u00e4dett\u00e4v\u00e4t korkeudet<br \/>\nMitat ja pintak\u00e4sittely asiakkaan valittavissa<\/p>\n","protected":false},"excerpt":{"rendered":"<p>Tuotenumero: 1680.000 1526x420x350mm Hyllyt ter\u00e4slevy\u00e4, s\u00e4\u00e4dett\u00e4v\u00e4t korkeudet Mitat ja pintak\u00e4sittely asiakkaan valittavissa<\/p>\n","protected":false},"featured_media":1948,"template":"","meta":[],"product_brand":[],"product_cat":[47],"product_tag":[],"class_list":{"0":"post-2447","1":"product","2":"type-product","3":"status-publish","4":"has-post-thumbnail","6":"product_cat-myyntitelineet","8":"first","9":"instock","10":"shipping-taxable","11":"product-type-simple"},"aioseo_notices":[],"_links":{"self":[{"href":"https:\/\/vaakum.ee\/fi\/wp-json\/wp\/v2\/product\/2447","targetHints":{"allow":["GET"]}}],"collection":[{"href":"https:\/\/vaakum.ee\/fi\/wp-json\/wp\/v2\/product"}],"about":[{"href":"https:\/\/vaakum.ee\/fi\/wp-json\/wp\/v2\/types\/product"}],"wp:featuredmedia":[{"embeddable":true,"href":"https:\/\/vaakum.ee\/fi\/wp-json\/wp\/v2\/media\/1948"}],"wp:attachment":[{"href":"https:\/\/vaakum.ee\/fi\/wp-json\/wp\/v2\/media?parent=2447"}],"wp:term":[{"taxonomy":"product_brand","embeddable":true,"href":"https:\/\/vaakum.ee\/fi\/wp-json\/wp\/v2\/product_brand?post=2447"},{"taxonomy":"product_cat","embeddable":true,"href":"https:\/\/vaakum.ee\/fi\/wp-json\/wp\/v2\/product_cat?post=2447"},{"taxonomy":"product_tag","embeddable":true,"href":"https:\/\/vaakum.ee\/fi\/wp-json\/wp\/v2\/product_tag?post=2447"}],"curies":[{"name":"wp","href":"https:\/\/api.w.org\/{rel}","templated":true}]}}