{"id":2451,"date":"2025-08-13T11:10:50","date_gmt":"2025-08-13T11:10:50","guid":{"rendered":"https:\/\/vaakum.ee\/toode\/plekist-pohjaga-riiul-perfopostidele-2-2\/"},"modified":"2025-08-29T09:20:55","modified_gmt":"2025-08-29T09:20:55","slug":"plekist-pohjaga-riiul-perfopostidele-2-2","status":"publish","type":"product","link":"https:\/\/vaakum.ee\/fi\/tuote\/plekist-pohjaga-riiul-perfopostidele-2-2\/","title":{"rendered":"Hyllyt reik\u00e4kiinnityksell\u00e4 2"},"content":{"rendered":"<p>Tuotenumero: 1296.000<br \/>\n610x430x162mm<br \/>\nHyllyt reik\u00e4kiinnityksell\u00e4 (reik\u00e4levysein\u00e4\u00e4n, reiitettyyn jalkaan)<br \/>\nMitat ja pintak\u00e4sittely asiakkaan valittavissa<\/p>\n","protected":false},"excerpt":{"rendered":"<p>Tuotenumero: 1296.000 610x430x162mm Hyllyt reik\u00e4kiinnityksell\u00e4 (reik\u00e4levysein\u00e4\u00e4n, reiitettyyn jalkaan) Mitat ja pintak\u00e4sittely asiakkaan valittavissa<\/p>\n","protected":false},"featured_media":1920,"template":"","meta":[],"product_brand":[],"product_cat":[50],"product_tag":[],"class_list":{"0":"post-2451","1":"product","2":"type-product","3":"status-publish","4":"has-post-thumbnail","6":"product_cat-piikit-ja-muut-ripustustarvikkeet","8":"first","9":"instock","10":"shipping-taxable","11":"product-type-simple"},"aioseo_notices":[],"_links":{"self":[{"href":"https:\/\/vaakum.ee\/fi\/wp-json\/wp\/v2\/product\/2451","targetHints":{"allow":["GET"]}}],"collection":[{"href":"https:\/\/vaakum.ee\/fi\/wp-json\/wp\/v2\/product"}],"about":[{"href":"https:\/\/vaakum.ee\/fi\/wp-json\/wp\/v2\/types\/product"}],"wp:featuredmedia":[{"embeddable":true,"href":"https:\/\/vaakum.ee\/fi\/wp-json\/wp\/v2\/media\/1920"}],"wp:attachment":[{"href":"https:\/\/vaakum.ee\/fi\/wp-json\/wp\/v2\/media?parent=2451"}],"wp:term":[{"taxonomy":"product_brand","embeddable":true,"href":"https:\/\/vaakum.ee\/fi\/wp-json\/wp\/v2\/product_brand?post=2451"},{"taxonomy":"product_cat","embeddable":true,"href":"https:\/\/vaakum.ee\/fi\/wp-json\/wp\/v2\/product_cat?post=2451"},{"taxonomy":"product_tag","embeddable":true,"href":"https:\/\/vaakum.ee\/fi\/wp-json\/wp\/v2\/product_tag?post=2451"}],"curies":[{"name":"wp","href":"https:\/\/api.w.org\/{rel}","templated":true}]}}