{"id":2453,"date":"2025-08-13T11:04:37","date_gmt":"2025-08-13T11:04:37","guid":{"rendered":"https:\/\/vaakum.ee\/toode\/prillide-poorik\/"},"modified":"2025-08-29T09:23:56","modified_gmt":"2025-08-29T09:23:56","slug":"prillide-poorik","status":"publish","type":"product","link":"https:\/\/vaakum.ee\/fi\/tuote\/prillide-poorik\/","title":{"rendered":"Silm\u00e4lasiteline py\u00f6riv\u00e4"},"content":{"rendered":"<p>Tuotenumero: 1409.000<br \/>\n397x351x351mm<br \/>\nPy\u00f6riv\u00e4<br \/>\nPintak\u00e4sittely valittavissa<\/p>\n","protected":false},"excerpt":{"rendered":"<p>Tuotenumero: 1409.000 397x351x351mm Py\u00f6riv\u00e4 Pintak\u00e4sittely valittavissa<\/p>\n","protected":false},"featured_media":1906,"template":"","meta":[],"product_brand":[],"product_cat":[47],"product_tag":[],"class_list":{"0":"post-2453","1":"product","2":"type-product","3":"status-publish","4":"has-post-thumbnail","6":"product_cat-myyntitelineet","8":"first","9":"instock","10":"shipping-taxable","11":"product-type-simple"},"aioseo_notices":[],"_links":{"self":[{"href":"https:\/\/vaakum.ee\/fi\/wp-json\/wp\/v2\/product\/2453","targetHints":{"allow":["GET"]}}],"collection":[{"href":"https:\/\/vaakum.ee\/fi\/wp-json\/wp\/v2\/product"}],"about":[{"href":"https:\/\/vaakum.ee\/fi\/wp-json\/wp\/v2\/types\/product"}],"wp:featuredmedia":[{"embeddable":true,"href":"https:\/\/vaakum.ee\/fi\/wp-json\/wp\/v2\/media\/1906"}],"wp:attachment":[{"href":"https:\/\/vaakum.ee\/fi\/wp-json\/wp\/v2\/media?parent=2453"}],"wp:term":[{"taxonomy":"product_brand","embeddable":true,"href":"https:\/\/vaakum.ee\/fi\/wp-json\/wp\/v2\/product_brand?post=2453"},{"taxonomy":"product_cat","embeddable":true,"href":"https:\/\/vaakum.ee\/fi\/wp-json\/wp\/v2\/product_cat?post=2453"},{"taxonomy":"product_tag","embeddable":true,"href":"https:\/\/vaakum.ee\/fi\/wp-json\/wp\/v2\/product_tag?post=2453"}],"curies":[{"name":"wp","href":"https:\/\/api.w.org\/{rel}","templated":true}]}}