{"id":2454,"date":"2025-08-13T11:02:27","date_gmt":"2025-08-13T11:02:27","guid":{"rendered":"https:\/\/vaakum.ee\/toode\/lauapealne-kaartide-poorik\/"},"modified":"2025-10-21T06:44:54","modified_gmt":"2025-10-21T06:44:54","slug":"lauapealne-kaartide-poorik","status":"publish","type":"product","link":"https:\/\/vaakum.ee\/fi\/tuote\/lauapealne-kaartide-poorik\/","title":{"rendered":"Korttiteline p\u00f6yd\u00e4lle py\u00f6riv\u00e4"},"content":{"rendered":"<div class=\"wpb-content-wrapper\"><p>[vc_row][vc_column][vc_column_text css=&#8221;&#8221; css_params=&#8221;&#8221;]Tuotenumero: KHL20<br \/>\n724x200x200mm<\/p>\n<p>Pintak\u00e4sittely valittavissa<br \/>\n16 taskua[\/vc_column_text][\/vc_column][\/vc_row]<\/p>\n<\/div>","protected":false},"excerpt":{"rendered":"<p>[vc_row][vc_column][vc_column_text css=&#8221;&#8221; css_params=&#8221;&#8221;]Tuotenumero: KHL20 724x200x200mm Pintak\u00e4sittely valittavissa 16 taskua[\/vc_column_text][\/vc_column][\/vc_row]<\/p>\n","protected":false},"featured_media":2553,"template":"","meta":[],"product_brand":[],"product_cat":[67],"product_tag":[],"class_list":{"0":"post-2454","1":"product","2":"type-product","3":"status-publish","4":"has-post-thumbnail","6":"product_cat-aikakauslehti-sanomalehti-ja-korttikotelot","8":"first","9":"instock","10":"shipping-taxable","11":"product-type-simple"},"aioseo_notices":[],"_links":{"self":[{"href":"https:\/\/vaakum.ee\/fi\/wp-json\/wp\/v2\/product\/2454","targetHints":{"allow":["GET"]}}],"collection":[{"href":"https:\/\/vaakum.ee\/fi\/wp-json\/wp\/v2\/product"}],"about":[{"href":"https:\/\/vaakum.ee\/fi\/wp-json\/wp\/v2\/types\/product"}],"wp:featuredmedia":[{"embeddable":true,"href":"https:\/\/vaakum.ee\/fi\/wp-json\/wp\/v2\/media\/2553"}],"wp:attachment":[{"href":"https:\/\/vaakum.ee\/fi\/wp-json\/wp\/v2\/media?parent=2454"}],"wp:term":[{"taxonomy":"product_brand","embeddable":true,"href":"https:\/\/vaakum.ee\/fi\/wp-json\/wp\/v2\/product_brand?post=2454"},{"taxonomy":"product_cat","embeddable":true,"href":"https:\/\/vaakum.ee\/fi\/wp-json\/wp\/v2\/product_cat?post=2454"},{"taxonomy":"product_tag","embeddable":true,"href":"https:\/\/vaakum.ee\/fi\/wp-json\/wp\/v2\/product_tag?post=2454"}],"curies":[{"name":"wp","href":"https:\/\/api.w.org\/{rel}","templated":true}]}}