{"id":2456,"date":"2025-08-13T10:45:02","date_gmt":"2025-08-13T10:45:02","guid":{"rendered":"https:\/\/vaakum.ee\/toode\/poorlevate-piikidega-poorik\/"},"modified":"2025-08-29T10:08:44","modified_gmt":"2025-08-29T10:08:44","slug":"poorlevate-piikidega-poorik","status":"publish","type":"product","link":"https:\/\/vaakum.ee\/fi\/tuote\/poorlevate-piikidega-poorik\/","title":{"rendered":"Py\u00f6riv\u00e4 teline py\u00f6rivill\u00e4 piikeill\u00e4"},"content":{"rendered":"<p>Tuotenumero: 1286.000<br \/>\n1864x609x609mm<br \/>\nJarrulliset py\u00f6r\u00e4t<br \/>\nPintak\u00e4sittely valittavissa<\/p>\n","protected":false},"excerpt":{"rendered":"<p>Tuotenumero: 1286.000 1864x609x609mm Jarrulliset py\u00f6r\u00e4t Pintak\u00e4sittely valittavissa<\/p>\n","protected":false},"featured_media":1885,"template":"","meta":[],"product_brand":[],"product_cat":[47],"product_tag":[],"class_list":{"0":"post-2456","1":"product","2":"type-product","3":"status-publish","4":"has-post-thumbnail","6":"product_cat-myyntitelineet","8":"first","9":"instock","10":"shipping-taxable","11":"product-type-simple"},"aioseo_notices":[],"_links":{"self":[{"href":"https:\/\/vaakum.ee\/fi\/wp-json\/wp\/v2\/product\/2456","targetHints":{"allow":["GET"]}}],"collection":[{"href":"https:\/\/vaakum.ee\/fi\/wp-json\/wp\/v2\/product"}],"about":[{"href":"https:\/\/vaakum.ee\/fi\/wp-json\/wp\/v2\/types\/product"}],"wp:featuredmedia":[{"embeddable":true,"href":"https:\/\/vaakum.ee\/fi\/wp-json\/wp\/v2\/media\/1885"}],"wp:attachment":[{"href":"https:\/\/vaakum.ee\/fi\/wp-json\/wp\/v2\/media?parent=2456"}],"wp:term":[{"taxonomy":"product_brand","embeddable":true,"href":"https:\/\/vaakum.ee\/fi\/wp-json\/wp\/v2\/product_brand?post=2456"},{"taxonomy":"product_cat","embeddable":true,"href":"https:\/\/vaakum.ee\/fi\/wp-json\/wp\/v2\/product_cat?post=2456"},{"taxonomy":"product_tag","embeddable":true,"href":"https:\/\/vaakum.ee\/fi\/wp-json\/wp\/v2\/product_tag?post=2456"}],"curies":[{"name":"wp","href":"https:\/\/api.w.org\/{rel}","templated":true}]}}