{"id":2457,"date":"2025-08-13T10:38:59","date_gmt":"2025-08-13T10:38:59","guid":{"rendered":"https:\/\/vaakum.ee\/toode\/poorlevate-riiulitega-stend\/"},"modified":"2025-08-29T10:10:36","modified_gmt":"2025-08-29T10:10:36","slug":"poorlevate-riiulitega-stend","status":"publish","type":"product","link":"https:\/\/vaakum.ee\/fi\/tuote\/poorlevate-riiulitega-stend\/","title":{"rendered":"Teline py\u00f6rivill\u00e4 hyllyill\u00e4"},"content":{"rendered":"<p>Tuotenumero: 1241.000<br \/>\n1580x450x450mm<br \/>\nAlaosa sopii mainospinnaksi<br \/>\nPintak\u00e4sittely valittavissa<\/p>\n","protected":false},"excerpt":{"rendered":"<p>Tuotenumero: 1241.000 1580x450x450mm Alaosa sopii mainospinnaksi Pintak\u00e4sittely valittavissa<\/p>\n","protected":false},"featured_media":1877,"template":"","meta":[],"product_brand":[],"product_cat":[47],"product_tag":[],"class_list":{"0":"post-2457","1":"product","2":"type-product","3":"status-publish","4":"has-post-thumbnail","6":"product_cat-myyntitelineet","8":"first","9":"instock","10":"shipping-taxable","11":"product-type-simple"},"aioseo_notices":[],"_links":{"self":[{"href":"https:\/\/vaakum.ee\/fi\/wp-json\/wp\/v2\/product\/2457","targetHints":{"allow":["GET"]}}],"collection":[{"href":"https:\/\/vaakum.ee\/fi\/wp-json\/wp\/v2\/product"}],"about":[{"href":"https:\/\/vaakum.ee\/fi\/wp-json\/wp\/v2\/types\/product"}],"wp:featuredmedia":[{"embeddable":true,"href":"https:\/\/vaakum.ee\/fi\/wp-json\/wp\/v2\/media\/1877"}],"wp:attachment":[{"href":"https:\/\/vaakum.ee\/fi\/wp-json\/wp\/v2\/media?parent=2457"}],"wp:term":[{"taxonomy":"product_brand","embeddable":true,"href":"https:\/\/vaakum.ee\/fi\/wp-json\/wp\/v2\/product_brand?post=2457"},{"taxonomy":"product_cat","embeddable":true,"href":"https:\/\/vaakum.ee\/fi\/wp-json\/wp\/v2\/product_cat?post=2457"},{"taxonomy":"product_tag","embeddable":true,"href":"https:\/\/vaakum.ee\/fi\/wp-json\/wp\/v2\/product_tag?post=2457"}],"curies":[{"name":"wp","href":"https:\/\/api.w.org\/{rel}","templated":true}]}}