{"id":2466,"date":"2025-08-08T12:39:40","date_gmt":"2025-08-08T12:39:40","guid":{"rendered":"https:\/\/vaakum.ee\/toode\/abilaud-ratastega\/"},"modified":"2025-08-29T10:26:23","modified_gmt":"2025-08-29T10:26:23","slug":"abilaud-ratastega","status":"publish","type":"product","link":"https:\/\/vaakum.ee\/fi\/tuote\/abilaud-ratastega\/","title":{"rendered":"Sivup\u00f6yt\u00e4 py\u00f6rill\u00e4"},"content":{"rendered":"<p>Tuotenumero: 2066.0000<br \/>\n756x600x400mm<br \/>\nKevyt ja j\u00e4ykk\u00e4 rakenne<br \/>\nPy\u00f6rien koko ja rungon pintak\u00e4sittely valittavissa<br \/>\n2 lukittavaa\/jarrullista py\u00f6r\u00e4\u00e4<\/p>\n","protected":false},"excerpt":{"rendered":"<p>Tuotenumero: 2066.0000 756x600x400mm Kevyt ja j\u00e4ykk\u00e4 rakenne Py\u00f6rien koko ja rungon pintak\u00e4sittely valittavissa 2 lukittavaa\/jarrullista py\u00f6r\u00e4\u00e4<\/p>\n","protected":false},"featured_media":1810,"template":"","meta":[],"product_brand":[],"product_cat":[45],"product_tag":[],"class_list":{"0":"post-2466","1":"product","2":"type-product","3":"status-publish","4":"has-post-thumbnail","6":"product_cat-siivous-ostos-ja-kuljetuskarryt","8":"first","9":"instock","10":"shipping-taxable","11":"product-type-simple"},"aioseo_notices":[],"_links":{"self":[{"href":"https:\/\/vaakum.ee\/fi\/wp-json\/wp\/v2\/product\/2466","targetHints":{"allow":["GET"]}}],"collection":[{"href":"https:\/\/vaakum.ee\/fi\/wp-json\/wp\/v2\/product"}],"about":[{"href":"https:\/\/vaakum.ee\/fi\/wp-json\/wp\/v2\/types\/product"}],"wp:featuredmedia":[{"embeddable":true,"href":"https:\/\/vaakum.ee\/fi\/wp-json\/wp\/v2\/media\/1810"}],"wp:attachment":[{"href":"https:\/\/vaakum.ee\/fi\/wp-json\/wp\/v2\/media?parent=2466"}],"wp:term":[{"taxonomy":"product_brand","embeddable":true,"href":"https:\/\/vaakum.ee\/fi\/wp-json\/wp\/v2\/product_brand?post=2466"},{"taxonomy":"product_cat","embeddable":true,"href":"https:\/\/vaakum.ee\/fi\/wp-json\/wp\/v2\/product_cat?post=2466"},{"taxonomy":"product_tag","embeddable":true,"href":"https:\/\/vaakum.ee\/fi\/wp-json\/wp\/v2\/product_tag?post=2466"}],"curies":[{"name":"wp","href":"https:\/\/api.w.org\/{rel}","templated":true}]}}