{"id":2475,"date":"2025-01-16T10:58:47","date_gmt":"2025-01-16T10:58:47","guid":{"rendered":"https:\/\/vaakum.ee\/toode\/kommipakkide-muugistend\/"},"modified":"2026-02-25T08:55:48","modified_gmt":"2026-02-25T08:55:48","slug":"kommipakkide-muugistend","status":"publish","type":"product","link":"https:\/\/vaakum.ee\/fi\/tuote\/kommipakkide-muugistend\/","title":{"rendered":"Myyntiteline py\u00f6rivill\u00e4 hyllyill\u00e4"},"content":{"rendered":"<div class=\"wpb-content-wrapper\"><p>[vc_row][vc_column][vc_column_text css=&#8221;&#8221; css_params=&#8221;&#8221;]Tuotenumero: 1980.0000<br \/>\n1838x450x450mm<br \/>\nLukittavat py\u00f6r\u00e4t<br \/>\nPintak\u00e4sittely valittavissa[\/vc_column_text][\/vc_column][\/vc_row]<\/p>\n<\/div>","protected":false},"excerpt":{"rendered":"<p>[vc_row][vc_column][vc_column_text css=&#8221;&#8221; css_params=&#8221;&#8221;]Tuotenumero: 1980.0000 1838x450x450mm Lukittavat py\u00f6r\u00e4t Pintak\u00e4sittely valittavissa[\/vc_column_text][\/vc_column][\/vc_row]<\/p>\n","protected":false},"featured_media":2154,"template":"","meta":[],"product_brand":[],"product_cat":[47],"product_tag":[],"class_list":{"0":"post-2475","1":"product","2":"type-product","3":"status-publish","4":"has-post-thumbnail","6":"product_cat-myyntitelineet","8":"first","9":"instock","10":"shipping-taxable","11":"product-type-simple"},"aioseo_notices":[],"_links":{"self":[{"href":"https:\/\/vaakum.ee\/fi\/wp-json\/wp\/v2\/product\/2475","targetHints":{"allow":["GET"]}}],"collection":[{"href":"https:\/\/vaakum.ee\/fi\/wp-json\/wp\/v2\/product"}],"about":[{"href":"https:\/\/vaakum.ee\/fi\/wp-json\/wp\/v2\/types\/product"}],"wp:featuredmedia":[{"embeddable":true,"href":"https:\/\/vaakum.ee\/fi\/wp-json\/wp\/v2\/media\/2154"}],"wp:attachment":[{"href":"https:\/\/vaakum.ee\/fi\/wp-json\/wp\/v2\/media?parent=2475"}],"wp:term":[{"taxonomy":"product_brand","embeddable":true,"href":"https:\/\/vaakum.ee\/fi\/wp-json\/wp\/v2\/product_brand?post=2475"},{"taxonomy":"product_cat","embeddable":true,"href":"https:\/\/vaakum.ee\/fi\/wp-json\/wp\/v2\/product_cat?post=2475"},{"taxonomy":"product_tag","embeddable":true,"href":"https:\/\/vaakum.ee\/fi\/wp-json\/wp\/v2\/product_tag?post=2475"}],"curies":[{"name":"wp","href":"https:\/\/api.w.org\/{rel}","templated":true}]}}