{"id":2481,"date":"2025-01-16T10:03:55","date_gmt":"2025-01-16T10:03:55","guid":{"rendered":"https:\/\/vaakum.ee\/toode\/suur-koristuskaru\/"},"modified":"2025-08-29T11:02:16","modified_gmt":"2025-08-29T11:02:16","slug":"suur-koristuskaru","status":"publish","type":"product","link":"https:\/\/vaakum.ee\/fi\/tuote\/suur-koristuskaru\/","title":{"rendered":"Trolley total"},"content":{"rendered":"<p>Tuotenumero: 4158160<br \/>\n1104x1010x500mm<\/p>\n<p><strong>Varustus:<\/strong><br \/>\n&#8211; kaksoiskori<br \/>\n&#8211; suuri kori<br \/>\n&#8211; keskikori<br \/>\n&#8211; hyllylevy<br \/>\n&#8211; s\u00e4kkiteline<br \/>\n&#8211; kaksi varrenpidikett\u00e4<br \/>\n&#8211; moppituet molemmin puolin<br \/>\n&#8211; rikkalapioteline<br \/>\n&#8211; k\u00e4densijat pehmustettu<\/p>\n<p><strong>Renkaat:<\/strong><br \/>\n&#8211; \u00f8125 mm, takana jarrulliset<\/p>\n","protected":false},"excerpt":{"rendered":"<p>Tuotenumero: 4158160 1104x1010x500mm Varustus: &#8211; kaksoiskori &#8211; suuri kori &#8211; keskikori &#8211; hyllylevy &#8211; s\u00e4kkiteline &#8211; kaksi varrenpidikett\u00e4 &#8211; moppituet molemmin puolin &#8211; rikkalapioteline &#8211; k\u00e4densijat pehmustettu Renkaat: &#8211; \u00f8125 mm, takana jarrulliset<\/p>\n","protected":false},"featured_media":1712,"template":"","meta":[],"product_brand":[],"product_cat":[45],"product_tag":[],"class_list":{"0":"post-2481","1":"product","2":"type-product","3":"status-publish","4":"has-post-thumbnail","6":"product_cat-siivous-ostos-ja-kuljetuskarryt","8":"first","9":"instock","10":"shipping-taxable","11":"product-type-simple"},"aioseo_notices":[],"_links":{"self":[{"href":"https:\/\/vaakum.ee\/fi\/wp-json\/wp\/v2\/product\/2481","targetHints":{"allow":["GET"]}}],"collection":[{"href":"https:\/\/vaakum.ee\/fi\/wp-json\/wp\/v2\/product"}],"about":[{"href":"https:\/\/vaakum.ee\/fi\/wp-json\/wp\/v2\/types\/product"}],"wp:featuredmedia":[{"embeddable":true,"href":"https:\/\/vaakum.ee\/fi\/wp-json\/wp\/v2\/media\/1712"}],"wp:attachment":[{"href":"https:\/\/vaakum.ee\/fi\/wp-json\/wp\/v2\/media?parent=2481"}],"wp:term":[{"taxonomy":"product_brand","embeddable":true,"href":"https:\/\/vaakum.ee\/fi\/wp-json\/wp\/v2\/product_brand?post=2481"},{"taxonomy":"product_cat","embeddable":true,"href":"https:\/\/vaakum.ee\/fi\/wp-json\/wp\/v2\/product_cat?post=2481"},{"taxonomy":"product_tag","embeddable":true,"href":"https:\/\/vaakum.ee\/fi\/wp-json\/wp\/v2\/product_tag?post=2481"}],"curies":[{"name":"wp","href":"https:\/\/api.w.org\/{rel}","templated":true}]}}