{"id":2482,"date":"2025-01-16T10:01:07","date_gmt":"2025-01-16T10:01:07","guid":{"rendered":"https:\/\/vaakum.ee\/toode\/koristuskaru-compact\/"},"modified":"2026-01-09T08:39:36","modified_gmt":"2026-01-09T08:39:36","slug":"koristuskaru-compact","status":"publish","type":"product","link":"https:\/\/vaakum.ee\/fi\/tuote\/koristuskaru-compact\/","title":{"rendered":"Trolley compact"},"content":{"rendered":"<div class=\"wpb-content-wrapper\"><p>[vc_row][vc_column][vc_column_text css=&#8221;&#8221; css_params=&#8221;&#8221;]Tuotenumero: 4198503<br \/>\n960x751x511mm<\/p>\n<p><strong>Lisad:<\/strong><br \/>\n&#8211; kolme monik\u00e4ytt\u00f6koria<br \/>\n&#8211; s\u00e4kkiteline<br \/>\n&#8211; kaksi varrenpidikett\u00e4<\/p>\n<p><strong>Renkaat:<\/strong><br \/>\n&#8211; \u00f8125 mm, takana jarrulliset[\/vc_column_text][\/vc_column][\/vc_row]<\/p>\n<\/div>","protected":false},"excerpt":{"rendered":"<p>[vc_row][vc_column][vc_column_text css=&#8221;&#8221; css_params=&#8221;&#8221;]Tuotenumero: 4198503 960x751x511mm Lisad: &#8211; kolme monik\u00e4ytt\u00f6koria &#8211; s\u00e4kkiteline &#8211; kaksi varrenpidikett\u00e4 Renkaat: &#8211; \u00f8125 mm, takana jarrulliset[\/vc_column_text][\/vc_column][\/vc_row]<\/p>\n","protected":false},"featured_media":1696,"template":"","meta":[],"product_brand":[],"product_cat":[45],"product_tag":[],"class_list":{"0":"post-2482","1":"product","2":"type-product","3":"status-publish","4":"has-post-thumbnail","6":"product_cat-siivous-ostos-ja-kuljetuskarryt","8":"first","9":"instock","10":"shipping-taxable","11":"product-type-simple"},"aioseo_notices":[],"_links":{"self":[{"href":"https:\/\/vaakum.ee\/fi\/wp-json\/wp\/v2\/product\/2482","targetHints":{"allow":["GET"]}}],"collection":[{"href":"https:\/\/vaakum.ee\/fi\/wp-json\/wp\/v2\/product"}],"about":[{"href":"https:\/\/vaakum.ee\/fi\/wp-json\/wp\/v2\/types\/product"}],"wp:featuredmedia":[{"embeddable":true,"href":"https:\/\/vaakum.ee\/fi\/wp-json\/wp\/v2\/media\/1696"}],"wp:attachment":[{"href":"https:\/\/vaakum.ee\/fi\/wp-json\/wp\/v2\/media?parent=2482"}],"wp:term":[{"taxonomy":"product_brand","embeddable":true,"href":"https:\/\/vaakum.ee\/fi\/wp-json\/wp\/v2\/product_brand?post=2482"},{"taxonomy":"product_cat","embeddable":true,"href":"https:\/\/vaakum.ee\/fi\/wp-json\/wp\/v2\/product_cat?post=2482"},{"taxonomy":"product_tag","embeddable":true,"href":"https:\/\/vaakum.ee\/fi\/wp-json\/wp\/v2\/product_tag?post=2482"}],"curies":[{"name":"wp","href":"https:\/\/api.w.org\/{rel}","templated":true}]}}