{"id":2485,"date":"2025-08-14T10:17:40","date_gmt":"2025-08-14T10:17:40","guid":{"rendered":"https:\/\/vaakum.ee\/toode\/transpordikaru-2\/"},"modified":"2025-08-29T11:16:04","modified_gmt":"2025-08-29T11:16:04","slug":"transpordikaru-2","status":"publish","type":"product","link":"https:\/\/vaakum.ee\/fi\/tuote\/transpordikaru-2\/","title":{"rendered":"Kuljetusvaunu"},"content":{"rendered":"<p>Tuotenumero: 1325.000<br \/>\n1208x1000x600mm<br \/>\nTukeva rakenne<br \/>\n2 py\u00f6riv\u00e4\u00e4 py\u00f6r\u00e4\u00e4<br \/>\nPintak\u00e4sittely valittavissa<\/p>\n","protected":false},"excerpt":{"rendered":"<p>Tuotenumero: 1325.000 1208x1000x600mm Tukeva rakenne 2 py\u00f6riv\u00e4\u00e4 py\u00f6r\u00e4\u00e4 Pintak\u00e4sittely valittavissa<\/p>\n","protected":false},"featured_media":2082,"template":"","meta":[],"product_brand":[],"product_cat":[45],"product_tag":[],"class_list":{"0":"post-2485","1":"product","2":"type-product","3":"status-publish","4":"has-post-thumbnail","6":"product_cat-siivous-ostos-ja-kuljetuskarryt","8":"first","9":"instock","10":"shipping-taxable","11":"product-type-simple"},"aioseo_notices":[],"_links":{"self":[{"href":"https:\/\/vaakum.ee\/fi\/wp-json\/wp\/v2\/product\/2485","targetHints":{"allow":["GET"]}}],"collection":[{"href":"https:\/\/vaakum.ee\/fi\/wp-json\/wp\/v2\/product"}],"about":[{"href":"https:\/\/vaakum.ee\/fi\/wp-json\/wp\/v2\/types\/product"}],"wp:featuredmedia":[{"embeddable":true,"href":"https:\/\/vaakum.ee\/fi\/wp-json\/wp\/v2\/media\/2082"}],"wp:attachment":[{"href":"https:\/\/vaakum.ee\/fi\/wp-json\/wp\/v2\/media?parent=2485"}],"wp:term":[{"taxonomy":"product_brand","embeddable":true,"href":"https:\/\/vaakum.ee\/fi\/wp-json\/wp\/v2\/product_brand?post=2485"},{"taxonomy":"product_cat","embeddable":true,"href":"https:\/\/vaakum.ee\/fi\/wp-json\/wp\/v2\/product_cat?post=2485"},{"taxonomy":"product_tag","embeddable":true,"href":"https:\/\/vaakum.ee\/fi\/wp-json\/wp\/v2\/product_tag?post=2485"}],"curies":[{"name":"wp","href":"https:\/\/api.w.org\/{rel}","templated":true}]}}