{"id":895,"date":"2023-08-21T12:48:02","date_gmt":"2023-08-21T12:48:02","guid":{"rendered":"https:\/\/vaakum.ee\/toode\/vaike-koristajakaru\/"},"modified":"2025-08-29T08:40:45","modified_gmt":"2025-08-29T08:40:45","slug":"vaike-koristajakaru","status":"publish","type":"product","link":"https:\/\/vaakum.ee\/fi\/tuote\/vaike-koristajakaru\/","title":{"rendered":"Trolley mini"},"content":{"rendered":"<p>Tootekood: 4158313<br \/>\n1075x714x565mm<\/p>\n<p><strong>Varustus:<\/strong><br \/>\n&#8211; kaksoiskori<br \/>\n&#8211; suuri kori<br \/>\n&#8211; s\u00e4kkiteline<br \/>\n&#8211; kaksi varrenpidikett\u00e4<br \/>\n&#8211; moppituet molemmin puolin<br \/>\n&#8211; rikkalapioteline<br \/>\n&#8211; k\u00e4densijat pehmustettu<\/p>\n<p><strong>Renkaat:<\/strong><br \/>\n&#8211; \u00f8125 mm, takana jarrulliset<\/p>\n","protected":false},"excerpt":{"rendered":"<p>Tootekood: 4158313 1075x714x565mm Varustus: &#8211; kaksoiskori &#8211; suuri kori &#8211; s\u00e4kkiteline &#8211; kaksi varrenpidikett\u00e4 &#8211; moppituet molemmin puolin &#8211; rikkalapioteline &#8211; k\u00e4densijat pehmustettu Renkaat: &#8211; \u00f8125 mm, takana jarrulliset<\/p>\n","protected":false},"featured_media":1684,"template":"","meta":[],"product_brand":[],"product_cat":[45],"product_tag":[],"class_list":{"0":"post-895","1":"product","2":"type-product","3":"status-publish","4":"has-post-thumbnail","6":"product_cat-siivous-ostos-ja-kuljetuskarryt","8":"first","9":"instock","10":"shipping-taxable","11":"product-type-simple"},"aioseo_notices":[],"_links":{"self":[{"href":"https:\/\/vaakum.ee\/fi\/wp-json\/wp\/v2\/product\/895","targetHints":{"allow":["GET"]}}],"collection":[{"href":"https:\/\/vaakum.ee\/fi\/wp-json\/wp\/v2\/product"}],"about":[{"href":"https:\/\/vaakum.ee\/fi\/wp-json\/wp\/v2\/types\/product"}],"wp:featuredmedia":[{"embeddable":true,"href":"https:\/\/vaakum.ee\/fi\/wp-json\/wp\/v2\/media\/1684"}],"wp:attachment":[{"href":"https:\/\/vaakum.ee\/fi\/wp-json\/wp\/v2\/media?parent=895"}],"wp:term":[{"taxonomy":"product_brand","embeddable":true,"href":"https:\/\/vaakum.ee\/fi\/wp-json\/wp\/v2\/product_brand?post=895"},{"taxonomy":"product_cat","embeddable":true,"href":"https:\/\/vaakum.ee\/fi\/wp-json\/wp\/v2\/product_cat?post=895"},{"taxonomy":"product_tag","embeddable":true,"href":"https:\/\/vaakum.ee\/fi\/wp-json\/wp\/v2\/product_tag?post=895"}],"curies":[{"name":"wp","href":"https:\/\/api.w.org\/{rel}","templated":true}]}}